{"id":898,"date":"2016-04-14T08:33:47","date_gmt":"2016-04-14T06:33:47","guid":{"rendered":"http:\/\/www.kinesfera.it\/wordpress\/?page_id=898"},"modified":"2016-05-31T16:03:47","modified_gmt":"2016-05-31T14:03:47","slug":"gloria-desideri","status":"publish","type":"page","link":"https:\/\/www.kinesfera.it\/wordpress\/gloria-desideri\/","title":{"rendered":"Gloria Desideri"},"content":{"rendered":"<div class=\"flex_column av_one_half  flex_column_div av-zero-column-padding first  \" style='border-radius:0px; '><div class='avia-image-container  av-styling-circle    avia-align-center '  itemprop=\"ImageObject\" itemscope=\"itemscope\" itemtype=\"https:\/\/schema.org\/ImageObject\"  ><div class='avia-image-container-inner'><img class='avia_image ' src='https:\/\/www.kinesfera.it\/wordpress\/wp-content\/uploads\/2016\/04\/Glo-Sibilla-e1460615693757.jpg' alt='' title='Glo-Sibilla'   itemprop=\"thumbnailUrl\"  \/><\/div><\/div><\/div><div class=\"flex_column av_one_half  flex_column_div av-zero-column-padding   \" style='border-radius:0px; '><p><div style='padding-bottom:10px;' class='av-special-heading av-special-heading-h3    '><h3 class='av-special-heading-tag '  itemprop=\"headline\"  >Gloria Desideri<\/h3><div class='special-heading-border'><div class='special-heading-inner-border' ><\/div><\/div><\/div><br \/>\n<section class=\"av_textblock_section \"  itemscope=\"itemscope\" itemtype=\"https:\/\/schema.org\/CreativeWork\" ><div class='avia_textblock  '   itemprop=\"text\" ><p>Gloria Desideri \u00e8 Certified Teacher\/Practitioner di Body-Mind Centering\u00ae, Somatic Movement Educator e Infant Developmental Movement Educator. \u00c8 inoltre diplomata come Kinetic Awareness\u2122 Teacher ed \u00e8 practitioner di Somatic Experiencing\u00ae (il lavoro del Dr. Peter Levine sulla risoluzione dei sintomi da stress post-traumatico). Integra la sua esperienza di danzatrice professionista e coreografa (1977 \u2013 1992), con numerose pratiche di movimento e studi sul continuum corpo-mente.<\/p>\n<p>Dal 1984 al 1998 ha vissuto a New York dove si \u00e8 formata e ha lavorato prima come danzatrice e coreografa e poi nel campo delle pratiche di orientamento somatico. Si \u00e8 interessata in particolare allo sviluppo in et\u00e0 evolutiva, prima osservando il lavoro di Bonnie Bainbridge Cohen con neonati e bambini con bisogni speciali, poi facendo esperienza per due anni come volontaria presso l&#8217;Unit\u00e0 Neonatale di Terapia Intensiva dell&#8217;ospedale Beth Israel di New York, in un programma speciale per bambini nati da madri tossicodipendenti.<\/p>\n<p>Tornata in Italia, dal 1999 al 2006 ha collaborato con l\u2019Unit\u00e0 Operativa Complessa di Neuropsichiatria Infantile della ASL di Viterbo, ideando e dirigendo progetti innovativi basati sull\u2019approccio BMC\u00ae e rivolti a bambini con gravi disabilit\u00e0, ai loro genitori e agli operatori che ne hanno cura. Ha inoltre collaborato con gli asili-nido comunali della citt\u00e0 di Viterbo, con programmi di formazione per le educatrici.<\/p>\n<p>Nel 2005, a Tuscania, ha fondato l\u2019Associazione Culturale di Promozione Sociale Leben e nel 2009 Leben nuova, centro da lei diretto e unico in Italia ad essere autorizzato da The School fra Body-Mind Centering per i programmi formativi BMC\u00ae. In collaborazione con Piera Teatini, ha curato la traduzione italiana del libro di Bonnie Bainbridge Cohen &#8220;Sensazione, Emozione, Azione&#8221; (SomaticaEdizioni 2011).<\/p>\n<p>Dal 2013 al 2015 ha coordinato il team italiano nel progetto europeo di partenariato SPARKS &#8211; Somatic Practices, Art and Creativity for Special Needs.<\/p>\n<p>Dal 2014 \u00e8 Presidente dell&#8217;Associazione di Promozione Sociale Kinesfera e dall&#8217;inizio del 2015 gestisce lo spazio polifunzionale denominato Supercinema di Tuscania, dove, oltre alle attivit\u00e0 formative gestite da Leben nuova, Kinesfera organizza e promuove eventi di carattere culturale, convegni e attivit\u00e0 sociali rivolte al territorio.<\/p>\n<p>A Roma e a Tuscania, Gloria svolge privatamente attivit\u00e0 educativa e di consulenza terapeutica per bambini e adulti.<\/p>\n<\/div><\/section><\/p><\/div><\/p>\n","protected":false},"excerpt":{"rendered":"","protected":false},"author":1,"featured_media":0,"parent":0,"menu_order":0,"comment_status":"closed","ping_status":"closed","template":"","meta":{"__cvm_playback_settings":[],"__cvm_video_id":""},"_links":{"self":[{"href":"https:\/\/www.kinesfera.it\/wordpress\/wp-json\/wp\/v2\/pages\/898"}],"collection":[{"href":"https:\/\/www.kinesfera.it\/wordpress\/wp-json\/wp\/v2\/pages"}],"about":[{"href":"https:\/\/www.kinesfera.it\/wordpress\/wp-json\/wp\/v2\/types\/page"}],"author":[{"embeddable":true,"href":"https:\/\/www.kinesfera.it\/wordpress\/wp-json\/wp\/v2\/users\/1"}],"replies":[{"embeddable":true,"href":"https:\/\/www.kinesfera.it\/wordpress\/wp-json\/wp\/v2\/comments?post=898"}],"version-history":[{"count":5,"href":"https:\/\/www.kinesfera.it\/wordpress\/wp-json\/wp\/v2\/pages\/898\/revisions"}],"predecessor-version":[{"id":1866,"href":"https:\/\/www.kinesfera.it\/wordpress\/wp-json\/wp\/v2\/pages\/898\/revisions\/1866"}],"wp:attachment":[{"href":"https:\/\/www.kinesfera.it\/wordpress\/wp-json\/wp\/v2\/media?parent=898"}],"curies":[{"name":"wp","href":"https:\/\/api.w.org\/{rel}","templated":true}]}}