{"id":3362,"date":"2022-04-07T17:52:48","date_gmt":"2022-04-07T15:52:48","guid":{"rendered":"http:\/\/www.kinesfera.it\/wordpress\/?page_id=3362"},"modified":"2022-04-07T18:05:51","modified_gmt":"2022-04-07T16:05:51","slug":"dolci-risvegli-aprile","status":"publish","type":"page","link":"https:\/\/www.kinesfera.it\/wordpress\/dolci-risvegli-aprile\/","title":{"rendered":"DOLCI RISVEGLI APRILE"},"content":{"rendered":"<h4>Venerd\u00ec 22 aprile<\/h4>\n<h3>Versi dispersi<\/h3>\n<h4>poesia e musica persiana\u00a0di e con Pejman Tadayon<br \/>voce recitante\u00a0Claudia Ciceroni<\/h4>\n\n\n<p class=\"has-normal-font-size\">La serata \u00e8 un viaggio alla scoperta del pensiero mistico persiano. A guidarci \u00e8 Pejman Tadayon, artista poliedrico, musicista e pittore, che attraverso le sue sonorit\u00e0 poetiche e musicali esprime, in qualit\u00e0 di compositore e interprete, la sua stessa condizione esistenziale sospesa come un ponte tra due culture: la ricchezza della tradizione persiana e le molteplici suggestioni raccolte lungo la sua permanenza in Occidente. Con il suo ultimo progetto, <em>Non siamo sufi<\/em>, l\u2019artista fa omaggio alla propria formazione presentando musiche di sua creazione eseguite per\u00f2 con gli strumenti classici della tradizione persiana. Questa originale trasposizione in musica dei versi di quattro grandi mistici persiani, Rumi, Omar Khayyam, Hafez e Saad\u00ec, intende restituirne l\u2019ambiente sonoro pi\u00f9 evocativo. I brani sono cantati da Pejman in farsi e per l\u2019occasione Claudia Ciceroni ne recita il testo nella versione italiana. Brano dopo brano, si va cos\u00ec svelando una grande verit\u00e0 affidata alle pagine pi\u00f9 significative della tradizione sufi: quella di un sentimento di estraneit\u00e0 ad ogni appartenenza rigidamente intesa, indispensabile per vivere in piena libert\u00e0. \u201cSono convinto che l\u2019Oriente e l\u2019Occidente possano incontrarsi e conoscersi profondamente. E non ho altro che la musica per dimostrarlo\u201d.<\/p>\n\n\n\n<p class=\"has-normal-font-size\"><strong>Pejman Tadayon<\/strong> musicista, compositore e pittore, \u00e8 uno dei massimi esperti di musica persiana e sufi in Italia. Nasce a Esfahan (Iran), dove ha studiato l\u2019antico repertorio e gli strumenti tradizionali persiani. In Italia ha fondato diversi gruppi musicali e il <em>Pejman Tadayon Ensemble<\/em>, per il quale compone musiche originali ispirate alle poesie di Rumi e al Sufismo. A Roma ha inaugurato la Galleria Sonora, in cui espone le sue opere di pittura musicale. Insegna oud, t\u00e2r, set\u00e2r e teoria della musica orientale.<\/p>\n\n\n\n<p class=\"has-normal-font-size\"><strong>Claudia Ciceroni<\/strong>, pedagogista musicale, cantante e direttrice di coro con un background di recitazione e danza, \u00e8 laureata presso il conservatorio di Fermo in canto rinascimentale e barocco. Integra le metodologie Willems, Gordon e BAPNE con lo studio dei metodi Dalcroze, Kodaly e Orff-schulwerk. Svolge attivit\u00e0 in cori e ensemble di musica antica, compagnie teatrali e produzioni cinematografiche. Insegna musica e vocalit\u00e0 in contesti educativi e performativi trasversali (teatro, cinema, danza, scuola, coralit\u00e0).<\/p>\n","protected":false},"excerpt":{"rendered":"<p>Venerd\u00ec 22 aprile Versi dispersi poesia e musica persiana\u00a0di e con Pejman Tadayonvoce recitante\u00a0Claudia Ciceroni La serata \u00e8 un viaggio alla scoperta del pensiero mistico persiano. A guidarci \u00e8 Pejman Tadayon, artista poliedrico, musicista e pittore, che attraverso le sue sonorit\u00e0 poetiche e musicali esprime, in qualit\u00e0 di compositore e interprete, la sua stessa condizione [&hellip;]<\/p>\n","protected":false},"author":1,"featured_media":0,"parent":0,"menu_order":0,"comment_status":"closed","ping_status":"closed","template":"","meta":{"__cvm_playback_settings":[],"__cvm_video_id":""},"_links":{"self":[{"href":"https:\/\/www.kinesfera.it\/wordpress\/wp-json\/wp\/v2\/pages\/3362"}],"collection":[{"href":"https:\/\/www.kinesfera.it\/wordpress\/wp-json\/wp\/v2\/pages"}],"about":[{"href":"https:\/\/www.kinesfera.it\/wordpress\/wp-json\/wp\/v2\/types\/page"}],"author":[{"embeddable":true,"href":"https:\/\/www.kinesfera.it\/wordpress\/wp-json\/wp\/v2\/users\/1"}],"replies":[{"embeddable":true,"href":"https:\/\/www.kinesfera.it\/wordpress\/wp-json\/wp\/v2\/comments?post=3362"}],"version-history":[{"count":6,"href":"https:\/\/www.kinesfera.it\/wordpress\/wp-json\/wp\/v2\/pages\/3362\/revisions"}],"predecessor-version":[{"id":3369,"href":"https:\/\/www.kinesfera.it\/wordpress\/wp-json\/wp\/v2\/pages\/3362\/revisions\/3369"}],"wp:attachment":[{"href":"https:\/\/www.kinesfera.it\/wordpress\/wp-json\/wp\/v2\/media?parent=3362"}],"curies":[{"name":"wp","href":"https:\/\/api.w.org\/{rel}","templated":true}]}}