{"id":3221,"date":"2022-02-23T10:48:36","date_gmt":"2022-02-23T09:48:36","guid":{"rendered":"http:\/\/www.kinesfera.it\/wordpress\/?page_id=3221"},"modified":"2023-03-11T23:30:23","modified_gmt":"2023-03-11T22:30:23","slug":"chi-siamo","status":"publish","type":"page","link":"https:\/\/www.kinesfera.it\/wordpress\/info\/chi-siamo\/","title":{"rendered":"Chi siamo"},"content":{"rendered":"<div class=\"flex_column av_one_full  flex_column_div av-zero-column-padding first  \" style='border-radius:0px; '><div style='padding-bottom:10px;' class='av-special-heading av-special-heading-h3  blockquote modern-quote modern-centered  '><h3 class='av-special-heading-tag '  itemprop=\"headline\"  >Associazione Kinesfera APS<\/h3><div class='special-heading-border'><div class='special-heading-inner-border' ><\/div><\/div><\/div><\/div>\n<div class=\"flex_column av_one_full  flex_column_div av-zero-column-padding first  \" style='border-radius:0px; '><div class='avia-image-container  av-styling-    avia-align-center '  itemprop=\"ImageObject\" itemscope=\"itemscope\" itemtype=\"https:\/\/schema.org\/ImageObject\"  ><div class='avia-image-container-inner'><img class='avia_image ' src='https:\/\/www.kinesfera.it\/wordpress\/wp-content\/uploads\/2023\/03\/After-Hours_GD-per-kine-e1678573551634.jpg' alt='' title='After Hours_GD per kine'   itemprop=\"thumbnailUrl\"  \/><\/div><\/div><\/div>\n<div  class='hr hr-default  '><span class='hr-inner ' ><span class='hr-inner-style'><\/span><\/span><\/div>\n<section class=\"av_textblock_section \"  itemscope=\"itemscope\" itemtype=\"https:\/\/schema.org\/CreativeWork\" ><div class='avia_textblock  '   itemprop=\"text\" ><p><strong>Kinesfera<\/strong> \u00e8 un\u2019associazione di promozione culturale e sociale, fondata a Tuscania da Gloria Desideri con un gruppo di colleghe nel 2014 \u00a0e da allora attiva sul territorio. La missione dell\u2019associazione \u00e8 educativo-formativa, volta a promuovere progetti\u00a0incentrati sullo sviluppo della consapevolezza. Promuove attivit\u00e0 artistico-culturali che favoriscono la diffusione\u00a0dell\u2019auto-apprendimento e dei processi di integrazione corpo-mente, individuali e collettivi, in ambito educativo, socio-sanitario, culturale e artistico. Come Terzo Settore, Kinesfera opera in ambito sia locale che nazionale collaborando con enti pubblici e privati, scuole, centri di formazione, e con educatori, insegnanti, operatori e varie associazioni del territorio.<\/p>\n<p>Dal 2015 al 2019, tra le varie attivit\u00e0 in ambito sociale e culturale, Kinesfera ha promosso convegni, eventi di comunit\u00e0, seminari e workshop incentrati in particolare su questioni legate alla disabilit\u00e0: DanceAbility (2015-2016); Teatro Integrato (2017), in collaborazione con l\u2019associazione Della Mia Misura APS (Roma), Nessuno Escluso ASD (Civitavecchia) e la compagnia \u201cIntegralmente\u201d (Viterbo). Nel 2015 ha organizzato il primo convegno-laboratorio IoTuNoi su questioni legate alle difficolt\u00e0 del neurosviluppo, in collaborazione con la Fondazione Solidariet\u00e0 e Cultura (Tarquinia) e il Filo dalla Torre APS (Roma). Diventato appuntamento annuale fino al 2019, hanno collaborato alle varie edizioni di IoTuNoi numerosi enti e professionisti del territorio regionale.<\/p>\n<p>Nel 2021 Kinesfera ha organizzato un simposio on-line sul tema dell\u2019educazione somatica in Italia e sue applicazioni in vari campi, seguito da pi\u00f9 di 200 persone in diretta Zoom e in streaming YouTube. Nell\u2019autunno &#8217;21, Kinesfera ha rivolto le sue proposte educative all\u2019infanzia con laboratori di educazione musicale e attivit\u00e0 manuali e di animazione, presso la nuova sede di <a href=\"https:\/\/casanaveallemura.com\">CasaNave Alle Mura<\/a>.<\/p>\n<p>Nella primavera 2022, Kinesfera ha lanciato la rassegna \u201cDolci Risvegli\u201d, un programma culturale rivolto principalmente ai cittadini di Tuscania. Nell&#8217;estate &#8217;22, abbiamo realizzato il campus di due settimane \u201c Onde d\u2019arte\u201d per bambine e bambini della scuola elementare, iniziativa accolta con grande favore dai genitori e dai bambini stessi.\u00a0Nell\u2019autunno, Kinesfera ha promosso due interessanti e originali iniziative:<span class=\"Apple-converted-space\">\u00a0 <\/span>\u201cCammininCanto\u201d, camminata <i>sensibile<\/i> nella campagna intorno a Tuscania, guidata da Maria Corno e Renata Tomasella; e \u201cSulla\u2019Onda del Gusto\u201d, una traversata alla scoperta dei tesori alo-eno-gastronomici, culturali e storici del territorio, con la collaborazione di produttori locali e della Maremma Laziale e Toscana.\u00a0Abbiamo infine concluso l\u2019anno 2022 con il concerto \u201cDuomantico &#8211; Triomantico\u201d per voce, clarinetto e pianoforte, accolto con grande entusiasmo da un numeroso pubblico locale e proveniente da altri comuni della Regione.<span class=\"Apple-converted-space\">\u00a0<\/span><\/p>\n<\/div><\/section>\n","protected":false},"excerpt":{"rendered":"","protected":false},"author":1,"featured_media":0,"parent":33,"menu_order":0,"comment_status":"closed","ping_status":"closed","template":"","meta":{"__cvm_playback_settings":[],"__cvm_video_id":""},"_links":{"self":[{"href":"https:\/\/www.kinesfera.it\/wordpress\/wp-json\/wp\/v2\/pages\/3221"}],"collection":[{"href":"https:\/\/www.kinesfera.it\/wordpress\/wp-json\/wp\/v2\/pages"}],"about":[{"href":"https:\/\/www.kinesfera.it\/wordpress\/wp-json\/wp\/v2\/types\/page"}],"author":[{"embeddable":true,"href":"https:\/\/www.kinesfera.it\/wordpress\/wp-json\/wp\/v2\/users\/1"}],"replies":[{"embeddable":true,"href":"https:\/\/www.kinesfera.it\/wordpress\/wp-json\/wp\/v2\/comments?post=3221"}],"version-history":[{"count":16,"href":"https:\/\/www.kinesfera.it\/wordpress\/wp-json\/wp\/v2\/pages\/3221\/revisions"}],"predecessor-version":[{"id":3788,"href":"https:\/\/www.kinesfera.it\/wordpress\/wp-json\/wp\/v2\/pages\/3221\/revisions\/3788"}],"up":[{"embeddable":true,"href":"https:\/\/www.kinesfera.it\/wordpress\/wp-json\/wp\/v2\/pages\/33"}],"wp:attachment":[{"href":"https:\/\/www.kinesfera.it\/wordpress\/wp-json\/wp\/v2\/media?parent=3221"}],"curies":[{"name":"wp","href":"https:\/\/api.w.org\/{rel}","templated":true}]}}