{"id":30,"date":"2014-12-22T14:44:21","date_gmt":"2014-12-22T13:44:21","guid":{"rendered":"http:\/\/www.kinesfera.it\/wordpress\/?page_id=30"},"modified":"2025-04-05T11:36:28","modified_gmt":"2025-04-05T09:36:28","slug":"home-2","status":"publish","type":"page","link":"https:\/\/www.kinesfera.it\/wordpress\/","title":{"rendered":"Home"},"content":{"rendered":"<\/div><\/div><\/div><!-- close content main div --><\/div><\/div><div id='full_slider_1' class='avia-fullwidth-slider main_color avia-shadow   container_wrap sidebar_right'   ><div  data-size='featured'  data-lightbox_size='large'  data-animation='fade'  data-ids='3764,3704,3749,3718,3703'  data-video_counter='0'  data-autoplay='true'  data-bg_slider='false'  data-slide_height=''  data-handle='av_slideshow_full'  data-interval='7'  data-class=' '  data-css_id=''  data-scroll_down=''  data-control_layout='av-control-default'  data-custom_markup=''  data-perma_caption=''  data-autoplay_stopper=''  data-image_attachment=''  data-min_height='0px'  data-src=''  data-position='top left'  data-repeat='no-repeat'  data-attach='scroll'  data-stretch=''  data-default-height='28.666666666667'  class='avia-slideshow avia-slideshow-1  av-control-default av-default-height-applied avia-slideshow-featured av_slideshow_full   avia-fade-slider '  itemprop=\"ImageObject\" itemscope=\"itemscope\" itemtype=\"https:\/\/schema.org\/ImageObject\" ><ul class='avia-slideshow-inner' style='padding-bottom: 28.666666666667%;'><li  class=' slide-1 ' ><div data-rel='slideshow-1' class='avia-slide-wrap'  ><div class = \"caption_fullwidth av-slideshow-caption caption_left\"><div class = \"container caption_container\"><div class = \"slideshow_caption\"><div class = \"slideshow_inner_caption\"><div class = \"slideshow_align_caption\"><h2  class='avia-caption-title '  itemprop=\"name\" >Kinesfera<\/h2><div class='avia-caption-content  av_inherit_color'  itemprop=\"description\"   style='font-size:22px; '><p>promuoviamo progetti in grado di favorire i processi di apprendimento, individuali e collettivi, in ambito artistico, culturale, educativo e sociale<\/p>\n<\/div><\/div><\/div><\/div><\/div><\/div><img src='https:\/\/www.kinesfera.it\/wordpress\/wp-content\/uploads\/2023\/03\/Pianoforte-per-home-kine-1500x430.jpg' width='1500' height='430' title='Pianoforte per home kine' alt=''  itemprop=\"thumbnailUrl\"   \/><\/div><\/li><li  class=' slide-2 ' ><div data-rel='slideshow-1' class='avia-slide-wrap'  ><div class = \"caption_fullwidth av-slideshow-caption caption_left caption_left_framed caption_framed\"><div class = \"container caption_container\"><div class = \"slideshow_caption\"><div class = \"slideshow_inner_caption\"><div class = \"slideshow_align_caption\"><h2  class='avia-caption-title '  itemprop=\"name\" >Kinesfera<\/h2><div class='avia-caption-content  av_inherit_color'  itemprop=\"description\"   style='font-size:22px; '><p>ci impegniamo a facilitare l&#8217;incontro e la condivisione tra culture, et\u00e0 e abilit\u00e0 diverse, in uno spirito di comunit\u00e0<\/p>\n<\/div><\/div><\/div><\/div><\/div><\/div><img src='https:\/\/www.kinesfera.it\/wordpress\/wp-content\/uploads\/2023\/02\/Open-House-I_ph-Manuela-Cannone-1500x430.jpg' width='1500' height='430' title='Open House I_ph Manuela Cannone' alt=''  itemprop=\"thumbnailUrl\"   \/><\/div><\/li><li  class=' slide-3 ' ><div data-rel='slideshow-1' class='avia-slide-wrap'  ><div class = \"caption_fullwidth av-slideshow-caption caption_left caption_left_framed caption_framed\"><div class = \"container caption_container\"><div class = \"slideshow_caption\"><div class = \"slideshow_inner_caption\"><div class = \"slideshow_align_caption\"><h2  class='avia-caption-title '  itemprop=\"name\" >Kinesfera<\/h2><div class='avia-caption-content  av_inherit_color'  itemprop=\"description\"   style='font-size:22px; '><p>la nostra missione \u00e8 educativo-formativa volta a promuovere lo sviluppo della consapevolezza e dei processi corpo-mente<\/p>\n<\/div><\/div><\/div><\/div><\/div><\/div><img src='https:\/\/www.kinesfera.it\/wordpress\/wp-content\/uploads\/2023\/03\/Vestibolare-per-sito-kine-1500x430.jpg' width='1500' height='430' title='Vestibolare per sito kine' alt=''  itemprop=\"thumbnailUrl\"   \/><\/div><\/li><li  class=' slide-4 ' ><div data-rel='slideshow-1' class='avia-slide-wrap'  ><div class = \"caption_fullwidth av-slideshow-caption caption_left caption_left_framed caption_framed\"><div class = \"container caption_container\"><div class = \"slideshow_caption\"><div class = \"slideshow_inner_caption\"><div class = \"slideshow_align_caption\"><h2  class='avia-caption-title '  itemprop=\"name\" >Kinesfera<\/h2><div class='avia-caption-content  av_inherit_color'  itemprop=\"description\"   style='font-size:22px; '><p>crediamo fortemente nello spirito di solidariet\u00e0 e condivisione delle diverse esperienze, risorse e competenze come strumento di crescita e di conoscenza<\/p>\n<\/div><\/div><\/div><\/div><\/div><\/div><img src='https:\/\/www.kinesfera.it\/wordpress\/wp-content\/uploads\/2023\/02\/Gusto-4-1500x430.jpg' width='1500' height='430' title='Gusto 4' alt=''  itemprop=\"thumbnailUrl\"   \/><\/div><\/li><li  class=' slide-5 ' ><div data-rel='slideshow-1' class='avia-slide-wrap'  ><div class = \"caption_fullwidth av-slideshow-caption caption_left caption_left_framed caption_framed\"><div class = \"container caption_container\"><div class = \"slideshow_caption\"><div class = \"slideshow_inner_caption\"><div class = \"slideshow_align_caption\"><h2  class='avia-caption-title '  itemprop=\"name\" >Kinesfera<\/h2><div class='avia-caption-content  av_inherit_color'  itemprop=\"description\"   style='font-size:22px; '><p>ci sentiamo impegnati nello sviluppo di competenze per la vita basate sul valore della consapevolezza e del rispetto per l&#8217;ambiente<\/p>\n<\/div><\/div><\/div><\/div><\/div><\/div><img src='https:\/\/www.kinesfera.it\/wordpress\/wp-content\/uploads\/2023\/02\/Campus-1_GD-girandole-scaled-e1676972935791-1500x430.jpg' width='1500' height='430' title='Campus 1_GD girandole' alt=''  itemprop=\"thumbnailUrl\"   \/><\/div><\/li><\/ul><div class='avia-slideshow-arrows avia-slideshow-controls'><a href='#prev' class='prev-slide' aria-hidden='true' data-av_icon='\ue87c' data-av_iconfont='entypo-fontello'>Anteriore<\/a><a href='#next' class='next-slide' aria-hidden='true' data-av_icon='\ue87d' data-av_iconfont='entypo-fontello'>Posteriore<\/a><\/div><div class='avia-slideshow-dots avia-slideshow-controls'><a href='#1' class='goto-slide active' >1<\/a><a href='#2' class='goto-slide ' >2<\/a><a href='#3' class='goto-slide ' >3<\/a><a href='#4' class='goto-slide ' >4<\/a><a href='#5' class='goto-slide ' >5<\/a><\/div><\/div><\/div>\r\n\r\n<div class=\"flex_column av_one_full  flex_column_div av-zero-column-padding first  \" style='border-radius:0px; '><div style='padding-bottom:10px;' class='av-special-heading av-special-heading-h3  blockquote modern-quote modern-centered  '><h3 class='av-special-heading-tag '  itemprop=\"headline\"  >La sede operativa dell\u2019Associazione Kinesfera \u00e8 CasaNave Alle Mura in Via Nazario Sauro 8, Tuscania VT<\/h3><div class='special-heading-border'><div class='special-heading-inner-border' ><\/div><\/div><\/div><\/div>\r\n\r\n<div class=\"flex_column av_one_full  flex_column_div av-zero-column-padding first  \" style='border-radius:0px; '><div style='padding-bottom:10px;' class='av-special-heading av-special-heading-h3     '><h3 class='av-special-heading-tag '  itemprop=\"headline\"  >Fermenti Sonori<\/h3><div class='special-heading-border'><div class='special-heading-inner-border' ><\/div><\/div><\/div>\n<section class=\"av_textblock_section \"  itemscope=\"itemscope\" itemtype=\"https:\/\/schema.org\/CreativeWork\" ><div class='avia_textblock  '   itemprop=\"text\" ><p><a href=\"https:\/\/casanaveallemura.com\/fermenti-sonori\/\"><\/a><a href=\"..\/wp-content\/uploads\/2023\/10\/Foto-Fermenti-Sonori-per-site-cnam.png\"><img loading=\"lazy\" class=\"alignleft size-medium wp-image-3877\" src=\"..\/wp-content\/uploads\/2023\/10\/Foto-Fermenti-Sonori-per-site-cnam-300x192.png\" alt=\"\" width=\"300\" height=\"192\" srcset=\"https:\/\/www.kinesfera.it\/wordpress\/wp-content\/uploads\/2023\/10\/Foto-Fermenti-Sonori-per-site-cnam-300x192.png 300w, https:\/\/www.kinesfera.it\/wordpress\/wp-content\/uploads\/2023\/10\/Foto-Fermenti-Sonori-per-site-cnam-1030x660.png 1030w, https:\/\/www.kinesfera.it\/wordpress\/wp-content\/uploads\/2023\/10\/Foto-Fermenti-Sonori-per-site-cnam-768x492.png 768w, https:\/\/www.kinesfera.it\/wordpress\/wp-content\/uploads\/2023\/10\/Foto-Fermenti-Sonori-per-site-cnam-705x452.png 705w, https:\/\/www.kinesfera.it\/wordpress\/wp-content\/uploads\/2023\/10\/Foto-Fermenti-Sonori-per-site-cnam-450x288.png 450w, https:\/\/www.kinesfera.it\/wordpress\/wp-content\/uploads\/2023\/10\/Foto-Fermenti-Sonori-per-site-cnam.png 1200w\" sizes=\"(max-width: 300px) 100vw, 300px\" \/><\/a> Visita la pagina su CasaNave Alle Mura per conoscere il progetto<\/p>\n<\/div><\/section><\/div>\r\n\r\n<div class=\"flex_column av_one_third  flex_column_div av-zero-column-padding first  \" style='border-radius:0px; '><div class='avia-image-container  av-styling-    avia-align-center '  itemprop=\"ImageObject\" itemscope=\"itemscope\" itemtype=\"https:\/\/schema.org\/ImageObject\"  ><div class='avia-image-container-inner'><img class='avia_image ' src='https:\/\/www.kinesfera.it\/wordpress\/wp-content\/uploads\/2025\/02\/MUSICA-E-ALTRE-STORIE-275x300.jpg' alt='' title='MUSICA E ALTRE STORIE'   itemprop=\"thumbnailUrl\"  \/><\/div><\/div><\/div>\r\n\r\n<div class=\"flex_column av_one_third  flex_column_div av-zero-column-padding   \" style='border-radius:0px; '><div class='avia-image-container  av-styling-    avia-align-center '  itemprop=\"ImageObject\" itemscope=\"itemscope\" itemtype=\"https:\/\/schema.org\/ImageObject\"  ><div class='avia-image-container-inner'><img class='avia_image ' src='https:\/\/www.kinesfera.it\/wordpress\/wp-content\/uploads\/2025\/04\/CANZONI-E-STORIE-DI-DONNE-240x300.png' alt='' title='CANZONI E STORIE DI DONNE'   itemprop=\"thumbnailUrl\"  \/><\/div><\/div><\/div><div class=\"flex_column av_one_third  flex_column_div av-zero-column-padding   \" style='border-radius:0px; '><div class='avia-image-container  av-styling-    avia-align-center '  itemprop=\"ImageObject\" itemscope=\"itemscope\" itemtype=\"https:\/\/schema.org\/ImageObject\"  ><div class='avia-image-container-inner'><img class='avia_image ' src='https:\/\/www.kinesfera.it\/wordpress\/wp-content\/uploads\/2025\/04\/1d7e6980-9465-45f6-af7f-338a7def867f-240x300.jpg' alt='' title='1d7e6980-9465-45f6-af7f-338a7def867f'   itemprop=\"thumbnailUrl\"  \/><\/div><\/div><\/div><div class=\"flex_column av_one_third  flex_column_div av-zero-column-padding first  \" style='border-radius:0px; '><section class=\"av_textblock_section \"  itemscope=\"itemscope\" itemtype=\"https:\/\/schema.org\/CreativeWork\" ><div class='avia_textblock  '   itemprop=\"text\" ><p><strong>MUSICA E ALTRE STORIE<\/strong><\/p>\n<p>Una rassegna di musica, testi e racconti. Da marzo a luglio un appuntamento al mese, generi musicali diversi, riferimenti temporali e culturali diversi, artisti di et\u00e0 e provenenze varie, tutti all&#8217;insegna della passione e dell&#8217;impegno per l&#8217;atto creativo&#8230; <a href=\"https:\/\/casanaveallemura.com\/evento\/musica-altre-storie\/\">Continua a leggere<\/a>\\<\/p>\n<\/div><\/section><\/div>\r\n\r\n<div class=\"flex_column av_one_third  flex_column_div av-zero-column-padding   \" style='border-radius:0px; '><section class=\"av_textblock_section \"  itemscope=\"itemscope\" itemtype=\"https:\/\/schema.org\/CreativeWork\" ><div class='avia_textblock  '   itemprop=\"text\" ><p><strong>CANZONI E STORIE DI DONNE<\/strong><\/p>\n<p>Quattro giovani artiste dell&#8217;etichetta RB Music, Bluesy \/ Only Sara \/ Zoe \/ Mad, salgono sul palco la sera dell&#8217;8 marzo per celebrare insieme al pubblico la Festa della Donna e regalarci emozioni e storie di donne attraverso le loro voci. <a href=\"https:\/\/casanaveallemura.com\/evento\/canzoni-storie-donne\/\">Continua a leggere&#8230;<\/a><\/p>\n<\/div><\/section><\/div><div class=\"flex_column av_one_third  flex_column_div av-zero-column-padding   \" style='border-radius:0px; '><section class=\"av_textblock_section \"  itemscope=\"itemscope\" itemtype=\"https:\/\/schema.org\/CreativeWork\" ><div class='avia_textblock  '   itemprop=\"text\" ><p><strong>1963 &#8211; STUDIO PER LA MESSINSCENA DI UN MONOLOGO CON CANZONI TRISTI<\/strong><\/p>\n<p>Viaggio-racconto con ricordi, canzoni e frammenti, per evocare la memoria personale e collettiva del disagio e della malinconia nella canzone d&#8217;autore negli anni del miracolo economico in Italia. <a href=\"https:\/\/casanaveallemura.com\/evento\/1963-studio-monologo\/\">Continua a leggere&#8230;<\/a><\/p>\n<\/div><\/section><\/div><div  class='hr hr-default  '><span class='hr-inner ' ><span class='hr-inner-style'><\/span><\/span><\/div>\r\n\r\n<section class=\"av_textblock_section \"  itemscope=\"itemscope\" itemtype=\"https:\/\/schema.org\/CreativeWork\" ><div class='avia_textblock  '  style='font-size:20px; '  itemprop=\"text\" ><p><section class=\"av_textblock_section \"  itemscope=\"itemscope\" itemtype=\"https:\/\/schema.org\/CreativeWork\" ><div class='avia_textblock  '   itemprop=\"text\" ><\/div><\/section> Se ti associ a Kinesfera per la prima volta, presenta per favore la richiesta di adesione compilando il <a href=\"https:\/\/www.kinesfera.it\/wordpress\/wp-content\/uploads\/2020\/07\/Kinesfera_richiesta-socio.pdf\" target=\"_blank\" rel=\"noopener noreferrer\">modulo di richiesta di ammissione a socio<\/a> e inviandolo a <a href=\"mailto:info@kinesfera.it\">info@kinesfera.it<\/a>. Riceverai dopo poco una mail di conferma e indicazioni su come effettuare il versamento della quota associativa annuale di \u20ac10.<\/p>\n<\/div><\/section>\r\n\r\n<section class=\"av_textblock_section \"  itemscope=\"itemscope\" itemtype=\"https:\/\/schema.org\/CreativeWork\" ><div class='avia_textblock  '  style='font-size:20px; '  itemprop=\"text\" ><p><section class=\"av_textblock_section \"  itemscope=\"itemscope\" itemtype=\"https:\/\/schema.org\/CreativeWork\" ><div class='avia_textblock  '   itemprop=\"text\" ><\/div><\/section> Se sei gi\u00e0 socio\/a, puoi rinnovare l&#8217;iscrizione 2025, versando direttamente la quota di \u20ac10. In entrambi i casi, per i nuovi soci e per i soci che rinnovano e usano PayPal, specificare per favore nel messaggio della finestra che si apre il proprio nome e cognome. Torna su questa Home per aggiornarti sulle proposte di attivit\u00e0 2025 e clicca i link per conoscerne i dettagli. Per qualsiasi informazione puoi contattarci a <a href=\"mailto:info@kinesfera.it\">info@kinesfera.it<\/a> oppure con messaggio whatsapp al numero 3755127096.<\/p>\n<div class=\"wp-block-media-text alignwide is-stacked-on-mobile\">\n<div class=\"wp-block-media-text__content\"><!-- \/wp:paragraph --><\/div>\n<\/div>\n<p><!-- \/wp:media-text -->\u00a0<\/p>\n<p><!-- wp:paragraph {\"align\":\"center\",\"backgroundColor\":\"white\",\"textColor\":\"black\",\"style\":{\"typography\":{\"fontSize\":19}}} --><\/p>\n<p class=\"has-text-align-center has-black-color has-white-background-color has-text-color has-background\" style=\"font-size: 19px;\"><strong>Kinesfera<\/strong><strong> \u00e8 su <a href=\"https:\/\/www.facebook.com\/associazionekinesfera\">Facebook<\/a> e <a href=\"https:\/\/www.instagram.com\/associazione_kinesfera\/?hl=it\">Instagram<\/a>!<\/strong><\/p>\n<p><!-- \/wp:paragraph -->\u00a0<\/p>\n<p><!-- wp:columns --><\/p>\n<div class=\"wp-block-columns\"><!-- wp:column --><\/p>\n<div class=\"wp-block-column\"><!-- wp:buttons --><\/p>\n<div class=\"wp-block-buttons\"><!-- wp:button {\"textColor\":\"black\",\"gradient\":\"blush-light-purple\"} --><\/p>\n<div class=\"wp-block-button\"><a class=\"wp-block-button__link has-black-color has-blush-light-purple-gradient-background has-text-color has-background\" href=\"https:\/\/www.paypal.com\/donate\/?hosted_button_id=VBCD2VR4BWTYQ\">PayPal<\/a><\/div>\n<p><!-- \/wp:button --> <!-- wp:button {\"style\":{\"color\":{\"gradient\":\"linear-gradient(252deg,rgba(6,147,227,1) 0%,rgb(155,81,224) 100%)\"}},\"className\":\"is-style-fill\"} --><\/p>\n<div class=\"wp-block-button is-style-fill\"><a class=\"wp-block-button__link has-background\" style=\"background: linear-gradient(252deg,rgba(6,147,227,1) 0%,#9b51e0 100%);\" href=\"..\/wp-content\/uploads\/2020\/07\/Kinesfera_richiesta-socio.pdf\"><strong>Diventa socio<\/strong><\/a><\/div>\n<p><!-- \/wp:button --><\/div>\n<p><!-- \/wp:buttons --><\/div>\n<p><!-- \/wp:column --><\/div>\n<p><!-- \/wp:columns -->\u00a0<\/p>\n<p><!-- wp:separator {\"className\":\"is-style-wide\"} --><\/p>\n<hr class=\"wp-block-separator is-style-wide\" \/>\n<p><!-- \/wp:separator -->\u00a0<\/p>\n<\/div><\/section>\r\n\r\n<div class=\"flex_column av_one_half  flex_column_div av-zero-column-padding first  \" style='border-radius:0px; '><\/div>\r\n\r\n","protected":false},"excerpt":{"rendered":"","protected":false},"author":1,"featured_media":0,"parent":0,"menu_order":0,"comment_status":"closed","ping_status":"closed","template":"","meta":{"__cvm_playback_settings":[],"__cvm_video_id":""},"_links":{"self":[{"href":"https:\/\/www.kinesfera.it\/wordpress\/wp-json\/wp\/v2\/pages\/30"}],"collection":[{"href":"https:\/\/www.kinesfera.it\/wordpress\/wp-json\/wp\/v2\/pages"}],"about":[{"href":"https:\/\/www.kinesfera.it\/wordpress\/wp-json\/wp\/v2\/types\/page"}],"author":[{"embeddable":true,"href":"https:\/\/www.kinesfera.it\/wordpress\/wp-json\/wp\/v2\/users\/1"}],"replies":[{"embeddable":true,"href":"https:\/\/www.kinesfera.it\/wordpress\/wp-json\/wp\/v2\/comments?post=30"}],"version-history":[{"count":578,"href":"https:\/\/www.kinesfera.it\/wordpress\/wp-json\/wp\/v2\/pages\/30\/revisions"}],"predecessor-version":[{"id":3999,"href":"https:\/\/www.kinesfera.it\/wordpress\/wp-json\/wp\/v2\/pages\/30\/revisions\/3999"}],"wp:attachment":[{"href":"https:\/\/www.kinesfera.it\/wordpress\/wp-json\/wp\/v2\/media?parent=30"}],"curies":[{"name":"wp","href":"https:\/\/api.w.org\/{rel}","templated":true}]}}