{"id":2941,"date":"2021-11-13T17:30:13","date_gmt":"2021-11-13T16:30:13","guid":{"rendered":"http:\/\/www.kinesfera.it\/wordpress\/?page_id=2941"},"modified":"2021-11-14T09:11:21","modified_gmt":"2021-11-14T08:11:21","slug":"ginnastica-del-pavimento-pelvico","status":"publish","type":"page","link":"https:\/\/www.kinesfera.it\/wordpress\/ginnastica-del-pavimento-pelvico\/","title":{"rendered":"Ginnastica del pavimento pelvico"},"content":{"rendered":"<div id=\"pl-2941\"  class=\"panel-layout\" ><div id=\"pg-2941-0\"  class=\"panel-grid panel-no-style\" ><div id=\"pgc-2941-0-0\"  class=\"panel-grid-cell\" ><div id=\"panel-2941-0-0-0\" class=\"so-panel widget widget_sow-editor panel-first-child panel-last-child\" data-index=\"0\" ><div class=\"so-widget-sow-editor so-widget-sow-editor-base\">\n<div class=\"siteorigin-widget-tinymce textwidget\">\n\t<h2><strong>con Veronika Wiethaler<\/strong><\/h2>\n<div class=\"\"><strong>20 novembre - h 17:00 - 19:30<\/strong><\/div>\n<div class=\"\"><strong>Presso CasaNave Alle Mura, Tuscania<\/strong><\/div>\n<div>\u00a0<\/div>\n<div>\n<div class=\"\">Per scoprire i benefici di un pavimento pelvico\u00a0forte e sano, e prevenire prolassi, incontinenza, dolore pelvico e altri\u00a0disturbi.<\/div>\n<div class=\"\"><strong>Il metodo Wiethaler<\/strong> comprende esercizi non invasivi che permettono di raggiungere presto effetti positivi, tra cui anche un'attenuazione di mal di schiena, aumento della flessibilit\u00e0 delle anche, espansione del respiro. Il workshop \u00e8 indicato a donne prima e dopo il parto, in menopausa e fino a pi\u00f9 di 80 anni; \u00e8 inoltre consigliato a uomini con dolore pelvico, prima o dopo intervento alla prostata.<\/div>\n<div class=\"\">\u00a0<\/div>\n<div class=\"\"><span class=\"\"><strong>Veronika Wiethaler<\/strong> \u00e8 naturopata, educatrice del movimento somatico (BMC\u00ae) e musicista. Da 15 anni promuove in Italia e all\u2019estero il suo metodo sulla cura del pavimento pelvico per donne e uomini. Ha scritto due libri: \u201c<em>Il pavimento pelvico: come rivitalizzarlo e rinforzarlo<\/em>\u201d e \u201c<em>Dalla ginnastica pelvica alla ginnastica vertebrale<\/em>\u201d. Tiene corsi e lezioni individuali, nonch\u00e9 percorsi formativi per fisioterapisti, ostetriche, osteopati, ginecologi, urologi e insegnanti di yoga.<\/span>\u00a0\u00a0<\/div>\n<\/div>\n<\/div>\n<\/div><\/div><\/div><\/div><\/div>","protected":false},"excerpt":{"rendered":"<p>con Veronika Wiethaler20 novembre &#8211; h 17:00 &#8211; 19:30Presso CasaNave Alle Mura, Tuscania\u00a0Per scoprire i benefici di un pavimento pelvico\u00a0forte e sano, e prevenire prolassi, incontinenza, dolore pelvico e altri\u00a0disturbi.Il metodo Wiethaler comprende esercizi non invasivi che permettono di raggiungere presto effetti positivi, tra cui anche un&#8217;attenuazione di mal di schiena, aumento della flessibilit\u00e0 delle [&hellip;]<\/p>\n","protected":false},"author":1,"featured_media":0,"parent":0,"menu_order":0,"comment_status":"closed","ping_status":"closed","template":"","meta":{"__cvm_playback_settings":[],"__cvm_video_id":""},"_links":{"self":[{"href":"https:\/\/www.kinesfera.it\/wordpress\/wp-json\/wp\/v2\/pages\/2941"}],"collection":[{"href":"https:\/\/www.kinesfera.it\/wordpress\/wp-json\/wp\/v2\/pages"}],"about":[{"href":"https:\/\/www.kinesfera.it\/wordpress\/wp-json\/wp\/v2\/types\/page"}],"author":[{"embeddable":true,"href":"https:\/\/www.kinesfera.it\/wordpress\/wp-json\/wp\/v2\/users\/1"}],"replies":[{"embeddable":true,"href":"https:\/\/www.kinesfera.it\/wordpress\/wp-json\/wp\/v2\/comments?post=2941"}],"version-history":[{"count":8,"href":"https:\/\/www.kinesfera.it\/wordpress\/wp-json\/wp\/v2\/pages\/2941\/revisions"}],"predecessor-version":[{"id":2954,"href":"https:\/\/www.kinesfera.it\/wordpress\/wp-json\/wp\/v2\/pages\/2941\/revisions\/2954"}],"wp:attachment":[{"href":"https:\/\/www.kinesfera.it\/wordpress\/wp-json\/wp\/v2\/media?parent=2941"}],"curies":[{"name":"wp","href":"https:\/\/api.w.org\/{rel}","templated":true}]}}