{"id":2502,"date":"2021-01-14T10:20:48","date_gmt":"2021-01-14T09:20:48","guid":{"rendered":"http:\/\/www.kinesfera.it\/wordpress\/?page_id=2502"},"modified":"2022-02-20T11:39:53","modified_gmt":"2022-02-20T10:39:53","slug":"symposium-online-2021","status":"publish","type":"page","link":"https:\/\/www.kinesfera.it\/wordpress\/symposium-online-2021\/","title":{"rendered":"Symposium Online 2021"},"content":{"rendered":"\n<figure class=\"wp-block-gallery columns-1 is-cropped\"><ul class=\"blocks-gallery-grid\"><li class=\"blocks-gallery-item\"><figure><a href=\"https:\/\/www.kinesfera.it\/wordpress\/wp-content\/uploads\/2021\/01\/img_symposium.jpg\"><img loading=\"lazy\" width=\"970\" height=\"500\" src=\"https:\/\/www.kinesfera.it\/wordpress\/wp-content\/uploads\/2021\/01\/img_symposium.jpg\" alt=\"\" data-id=\"2503\" data-full-url=\"https:\/\/www.kinesfera.it\/wordpress\/wp-content\/uploads\/2021\/01\/img_symposium.jpg\" data-link=\"https:\/\/www.kinesfera.it\/wordpress\/?attachment_id=2503\" class=\"wp-image-2503\" srcset=\"https:\/\/www.kinesfera.it\/wordpress\/wp-content\/uploads\/2021\/01\/img_symposium.jpg 970w, https:\/\/www.kinesfera.it\/wordpress\/wp-content\/uploads\/2021\/01\/img_symposium-300x155.jpg 300w, https:\/\/www.kinesfera.it\/wordpress\/wp-content\/uploads\/2021\/01\/img_symposium-768x396.jpg 768w, https:\/\/www.kinesfera.it\/wordpress\/wp-content\/uploads\/2021\/01\/img_symposium-705x363.jpg 705w, https:\/\/www.kinesfera.it\/wordpress\/wp-content\/uploads\/2021\/01\/img_symposium-450x232.jpg 450w\" sizes=\"(max-width: 970px) 100vw, 970px\" \/><\/a><\/figure><\/li><\/ul><\/figure>\n\n\n\n<div class=\"wp-block-columns\">\n<div class=\"wp-block-column\"><\/div>\n<\/div>\n\n\n\n<p style=\"font-size:18px\">Leben nuova e Associazione Kinesfera presentano<\/p>\n\n\n\n<h1 style=\"font-size:25px\">Body-Mind Centering\u00ae in Italia: Symposium online 2021<\/h1>\n\n\n\n<p class=\"has-medium-font-size\">Primo simposio online dedicato interamente alla diffusione del Body-Mind Centering\u00ae nel nostro Paese e alle applicazioni di questo approccio in diversi campi. Tre giorni di presentazioni, lezioni esperienziali, interviste e tavole rotonde con professionisti BMC\u00ae, italiani o da tempo residenti in Italia, che operano in qualit\u00e0 di educatori, artisti, terapisti o formatori. <br><br>Introduzione al Symposium con Bonnie Bainbridge Cohen, fondatrice del Body-Mind Centering\u00ae.<\/p>\n\n\n\n<p style=\"font-size:18px\">A cura di Gloria Desideri e Maria Martinez Pe\u00f1alba<\/p>\n\n\n\n<p class=\"has-medium-font-size\"><strong>26, 27, 28 marzo, 2021<\/strong><\/p>\n\n\n\n<div style=\"height:20px\" aria-hidden=\"true\" class=\"wp-block-spacer\"><\/div>\n\n\n\n<div class=\"wp-block-buttons aligncenter\">\n<div class=\"wp-block-button\"><a class=\"wp-block-button__link has-white-color has-vivid-red-background-color has-text-color has-background\" href=\"https:\/\/www.kinesfera.it\/wordpress\/symposium-online-2021-programma\/\" style=\"border-radius:2px\">VAI AL PROGRAMMA COMPLETO<\/a><\/div>\n<\/div>\n\n\n\n<div style=\"height:35px\" aria-hidden=\"true\" class=\"wp-block-spacer\"><\/div>\n\n\n\n<blockquote class=\"wp-block-quote is-style-default\"><p>Accesso alla piattaforma <strong>Zoom<\/strong>&nbsp;\u2013 fino a 100 iscrizioni \u2013&nbsp;per chi frequenta almeno una intera mezza giornata.&nbsp;Per singoli e brevi accessi vi indirizzeremo allo streaming sul <strong>canale youtube<\/strong> \u2013 senza limiti di iscrizione.<br><br>Abbiamo gi\u00e0 ricevuto molte prenotazioni, vi invitiamo quindi ad affrettarvi, scrivendoci una mail di interesse alla partecipazione al Symposium su&nbsp;<a href=\"mailto:symp_bmc_italia@kinesfera.it\"><strong>symp_bmc_italia@kinesfera.it<\/strong><\/a>, riceverete in seguito un link per collegarvi.<br><br>La partecipazione al Symposium \u00e8 gratuita.<\/p><\/blockquote>\n\n\n\n<div style=\"height:53px\" aria-hidden=\"true\" class=\"wp-block-spacer\"><\/div>\n\n\n\n<p class=\"has-text-align-center has-white-color has-vivid-red-background-color has-text-color has-background\" style=\"font-size:22px\">SOSTIENI L&#8217;ASSOCIAZIONE KINESFERA<\/p>\n\n\n\n<p style=\"font-size:18px\"><br><strong>Sostieni l\u2019Associazione Kinesfera<\/strong> nel suo impegno non solo per la realizzazione di questa importante iniziativa del Symposium&nbsp;online, ma anche in preparazione di una ripresa delle altre attivit\u00e0 in presenza sul territorio locale e nazionale, attivit\u00e0 da oltre un anno interrotte a causa della crisi pandemica. Associandoti potrai sostenere Kinesfera in pi\u00f9 modi: partecipando attivamente alla costruzione e alla preparazione delle iniziative future, oppure sostenendole con una piccola donazione. <br><strong>Attenzione: Kinesfera pu\u00f2 accettare donazioni solo dai suoi soci. <\/strong><\/p>\n\n\n\n<div class=\"wp-block-columns\">\n<div class=\"wp-block-column\">\n<p style=\"font-size:18px\">Diventa nuovo socio<\/p>\n\n\n\n<div class=\"wp-block-buttons\">\n<div class=\"wp-block-button\"><a class=\"wp-block-button__link has-white-color has-vivid-red-background-color has-text-color has-background\" href=\"https:\/\/www.kinesfera.it\/wordpress\/wp-content\/uploads\/2020\/07\/Kinesfera_richiesta-socio.pdf\">Modulo di richiesta<\/a><\/div>\n<\/div>\n<\/div>\n\n\n\n<div class=\"wp-block-column\">\n<p style=\"font-size:18px\">Rinnova la tessera associativa<\/p>\n\n\n\n<div class=\"wp-block-buttons\">\n<div class=\"wp-block-button\"><a class=\"wp-block-button__link has-white-color has-cyan-bluish-gray-background-color has-text-color has-background\" href=\"https:\/\/www.kinesfera.it\/wordpress\/kinesfera-coordinate-bancarie\/\">Bonifico<\/a><\/div>\n\n\n\n<div class=\"wp-block-button is-style-fill\"><a class=\"wp-block-button__link has-white-color has-vivid-cyan-blue-background-color has-text-color has-background\" href=\"https:\/\/www.paypal.com\/donate\/?hosted_button_id=VBCD2VR4BWTYQ\">PayPal<\/a><\/div>\n<\/div>\n<\/div>\n\n\n\n<div class=\"wp-block-column\">\n<p style=\"font-size:18px\">Donazione se sei gi\u00e0 socio<\/p>\n\n\n\n<div class=\"wp-block-buttons\">\n<div class=\"wp-block-button\"><a class=\"wp-block-button__link has-white-color has-cyan-bluish-gray-background-color has-text-color has-background\" href=\"https:\/\/www.kinesfera.it\/wordpress\/kinesfera-coordinate-bancarie\/\">Bonifico<\/a><\/div>\n\n\n\n<div class=\"wp-block-button is-style-fill\"><a class=\"wp-block-button__link has-white-color has-vivid-cyan-blue-background-color has-text-color has-background\" href=\"https:\/\/www.paypal.com\/donate\/?hosted_button_id=PNBBTCA54DQCG\">PayPal<\/a><\/div>\n<\/div>\n<\/div>\n<\/div>\n\n\n\n<p><\/p>\n","protected":false},"excerpt":{"rendered":"<p>Leben nuova e Associazione Kinesfera presentano Body-Mind Centering\u00ae in Italia: Symposium online 2021 Primo simposio online dedicato interamente alla diffusione del Body-Mind Centering\u00ae nel nostro Paese e alle applicazioni di questo approccio in diversi campi. Tre giorni di presentazioni, lezioni esperienziali, interviste e tavole rotonde con professionisti BMC\u00ae, italiani o da tempo residenti in Italia, [&hellip;]<\/p>\n","protected":false},"author":1,"featured_media":0,"parent":0,"menu_order":0,"comment_status":"closed","ping_status":"closed","template":"","meta":{"__cvm_playback_settings":[],"__cvm_video_id":""},"_links":{"self":[{"href":"https:\/\/www.kinesfera.it\/wordpress\/wp-json\/wp\/v2\/pages\/2502"}],"collection":[{"href":"https:\/\/www.kinesfera.it\/wordpress\/wp-json\/wp\/v2\/pages"}],"about":[{"href":"https:\/\/www.kinesfera.it\/wordpress\/wp-json\/wp\/v2\/types\/page"}],"author":[{"embeddable":true,"href":"https:\/\/www.kinesfera.it\/wordpress\/wp-json\/wp\/v2\/users\/1"}],"replies":[{"embeddable":true,"href":"https:\/\/www.kinesfera.it\/wordpress\/wp-json\/wp\/v2\/comments?post=2502"}],"version-history":[{"count":87,"href":"https:\/\/www.kinesfera.it\/wordpress\/wp-json\/wp\/v2\/pages\/2502\/revisions"}],"predecessor-version":[{"id":3146,"href":"https:\/\/www.kinesfera.it\/wordpress\/wp-json\/wp\/v2\/pages\/2502\/revisions\/3146"}],"wp:attachment":[{"href":"https:\/\/www.kinesfera.it\/wordpress\/wp-json\/wp\/v2\/media?parent=2502"}],"curies":[{"name":"wp","href":"https:\/\/api.w.org\/{rel}","templated":true}]}}