{"id":2038,"date":"2018-04-06T13:16:26","date_gmt":"2018-04-06T11:16:26","guid":{"rendered":"http:\/\/www.kinesfera.it\/wordpress\/?page_id=2038"},"modified":"2018-04-06T13:21:40","modified_gmt":"2018-04-06T11:21:40","slug":"ziya-azazis-and-meric-firatlis-biographies","status":"publish","type":"page","link":"https:\/\/www.kinesfera.it\/wordpress\/ziya-azazis-and-meric-firatlis-biographies\/","title":{"rendered":"Ziya Azazi&#8217;s and Meri\u00e7 Firatli&#8217;s Biographies"},"content":{"rendered":"<div class=\"flex_column av_one_half  flex_column_div av-zero-column-padding first  \" style='border-radius:0px; '><div class='avia-image-container  av-styling-    avia-align-center '  itemprop=\"ImageObject\" itemscope=\"itemscope\" itemtype=\"https:\/\/schema.org\/ImageObject\"  ><div class='avia-image-container-inner'><img class='avia_image ' src='https:\/\/www.kinesfera.it\/wordpress\/wp-content\/uploads\/2018\/04\/23244543_1774687392575708_7350636776624073530_n.jpg' alt='' title='23244543_1774687392575708_7350636776624073530_n'   itemprop=\"thumbnailUrl\"  \/><\/div><\/div><\/div>\n<div class=\"flex_column av_one_half  flex_column_div av-zero-column-padding   \" style='border-radius:0px; '><section class=\"av_textblock_section \"  itemscope=\"itemscope\" itemtype=\"https:\/\/schema.org\/CreativeWork\" ><div class='avia_textblock  '   itemprop=\"text\" ><h3>Ziya Azazi<\/h3>\n<p>With a degree in engineering at the TU of Istanbul, he started dancing in the early 90\u2019s, and his first encounter with whirling happened by chance in Vienna in 1999. His search for a \u201ccrystal\u201d synthesis of the dances vocabulary took him to explore repetitions and variations of turning which then led him to whirling. Over the years, spinning would become his dance language.<\/p>\n<p>His first full evening program, a solo called &#8220;Unterwegs Tabula Rasa&#8221;, was created in 1999, with which he won a special mention by the European panel as \u201cthe year most outstanding dancer in \u00a0Austria&#8221;.<\/p>\n<p>As Azazi became more and more interested in traditional Sufi whirling dance, he created several \u00a0contemporary interpretations and choreographic variations along this theme.<\/p>\n<p>He has worked with many artists including Jan Fabre, Ismael Ivo, Marcia Haydee, Yoshi Oida, Kayhan Kalhor, Parastou Forouhar, Zad Moultaka, Thierry Smits, Philippe Arlaud, Howard Moody, Cem Ertekin, Aydin Teker, Mercan Dede, Sertap Erener, Burhan \u00d6cal, Yilmaz Erdogan.<\/p>\n<p>He has been creating and performing in about 50 countries and by some of the most prestigious\u00a0 spaces for contemporary art: Troppentheater, Amsterdam; Haus der Kulturen der Welt, Berlin; SECS,Brazil; La Monnaie, Brussels; Grand Th\u00e9\u00e2tre de Gen\u00e8ve, Geneva; Museum of Modern Art, Houston; Barbican Centre, London; Colony Theater, Miami; Opera de Nice, Nice; Th\u00e9\u00e2tre du Ch\u00e2telet, Maison de la Culture du Japon, Paris; Centre Chor\u00e9graphique National, Roubaix; St. P\u00f6lten Festspielhaus, St. P\u00f6lten; National Museum of Singapore; Kennedy Center, WashingtonDC. He also performed in presence of the royal family members of Denmark, Morocco, The Netherlands, Thailand and The United Kingdom.<\/p>\n<p>He has offered his workshops in 30 countries, lecturing in academic and non-academic settings: Goldsmiths University; London; Culture University Istanbul; University of Music and Performing Arts Vienna; TEDx Talks, IKU\/Istanbul.<\/p>\n<\/div><\/section><\/div>\n<div class=\"flex_column av_one_half  flex_column_div av-zero-column-padding first  \" style='border-radius:0px; '><div class='avia-image-container  av-styling-    avia-align-center '  itemprop=\"ImageObject\" itemscope=\"itemscope\" itemtype=\"https:\/\/schema.org\/ImageObject\"  ><div class='avia-image-container-inner'><img class='avia_image ' src='https:\/\/www.kinesfera.it\/wordpress\/wp-content\/uploads\/2018\/04\/26231595_1730037197017318_7388706228545916617_n.jpg' alt='' title='26231595_1730037197017318_7388706228545916617_n'   itemprop=\"thumbnailUrl\"  \/><\/div><\/div><\/div>\n<div class=\"flex_column av_one_half  flex_column_div av-zero-column-padding   \" style='border-radius:0px; '><section class=\"av_textblock_section \"  itemscope=\"itemscope\" itemtype=\"https:\/\/schema.org\/CreativeWork\" ><div class='avia_textblock  '   itemprop=\"text\" ><h3>Meri\u00e7 Firatli<\/h3>\n<p>She started her musical training at State Polyphonic Children Choir, under the Ministry of Culture, and studied violin at Hacettepe University State Conservatory, graduating in 2004.<\/p>\n<p>She has performed in national and international concerts, and at festivals, as member of several orchestras.<\/p>\n<p>In 2009 she completed her Master of music (violin) program at Bilkent University, Faculty of Music and Performing Arts. From 2004 to 2013, she worked as a member of Bilkent Symphony Orchestra, Ankara State Opera and Ballet Orchestra, and Academic Chamber Orchestra of Ba\u015fkent University.<\/p>\n<p>In 2011, she joined the Sound Healing and Overtone singing intensive program by the Sound Therapy Association in Spain, and in 2016 she completed her certification program in Professional Group Sound Therapy at the British Academy of Sound Therapy in United Kingdom.<\/p>\n<p>In addition to her activity with the Orchestra of Istanbul State Opera and Ballet, she has been developing her own work, offering workshops and individual sessions, as \u201cProjects of Being\u201d.<\/p>\n<p><a href=\"https:\/\/www.kinesfera.it\/wordpress\/evento\/dervish-in-progress-project-of-being-dip-probe-english\/\"><strong>&#8220;Dervish in Progress &amp; Project of Being (DIP &amp; PROBE)&#8221; Event<\/strong><\/a><\/p>\n<\/div><\/section><\/div>\n","protected":false},"excerpt":{"rendered":"","protected":false},"author":5,"featured_media":0,"parent":0,"menu_order":0,"comment_status":"closed","ping_status":"closed","template":"","meta":{"__cvm_playback_settings":[],"__cvm_video_id":""},"_links":{"self":[{"href":"https:\/\/www.kinesfera.it\/wordpress\/wp-json\/wp\/v2\/pages\/2038"}],"collection":[{"href":"https:\/\/www.kinesfera.it\/wordpress\/wp-json\/wp\/v2\/pages"}],"about":[{"href":"https:\/\/www.kinesfera.it\/wordpress\/wp-json\/wp\/v2\/types\/page"}],"author":[{"embeddable":true,"href":"https:\/\/www.kinesfera.it\/wordpress\/wp-json\/wp\/v2\/users\/5"}],"replies":[{"embeddable":true,"href":"https:\/\/www.kinesfera.it\/wordpress\/wp-json\/wp\/v2\/comments?post=2038"}],"version-history":[{"count":3,"href":"https:\/\/www.kinesfera.it\/wordpress\/wp-json\/wp\/v2\/pages\/2038\/revisions"}],"predecessor-version":[{"id":2041,"href":"https:\/\/www.kinesfera.it\/wordpress\/wp-json\/wp\/v2\/pages\/2038\/revisions\/2041"}],"wp:attachment":[{"href":"https:\/\/www.kinesfera.it\/wordpress\/wp-json\/wp\/v2\/media?parent=2038"}],"curies":[{"name":"wp","href":"https:\/\/api.w.org\/{rel}","templated":true}]}}