{"id":1436,"date":"2017-01-18T21:54:24","date_gmt":"2017-01-18T20:54:24","guid":{"rendered":"http:\/\/www.kinesfera.it\/wordpress\/?page_id=1436"},"modified":"2017-05-09T11:41:57","modified_gmt":"2017-05-09T09:41:57","slug":"inverno-2017","status":"publish","type":"page","link":"https:\/\/www.kinesfera.it\/wordpress\/inverno-2017\/","title":{"rendered":"Luoghi Geniali &#8211; inverno 2017"},"content":{"rendered":"<div class=\"flex_column av_one_full  flex_column_div av-zero-column-padding first  \" style='border-radius:0px; '><p><div style='padding-bottom:10px;' class='av-special-heading av-special-heading-h3     '><h3 class='av-special-heading-tag '  itemprop=\"headline\"  >Luoghi Geniali &#8211; Comunit\u00e0 e Paesaggio<\/h3><div class='special-heading-border'><div class='special-heading-inner-border' ><\/div><\/div><\/div><br \/>\n<div  class='avia-video avia-video-16-9   '  itemprop=\"video\" itemtype=\"https:\/\/schema.org\/VideoObject\" ><div class='avia-iframe-wrap'><iframe src=\"https:\/\/player.vimeo.com\/video\/213632103\" width=\"1500\" height=\"844\" frameborder=\"0\" title=\"Comunita\u0300 e Paesaggio - Luoghi Geniali Inverno 2017\" webkitallowfullscreen mozallowfullscreen allowfullscreen><\/iframe><\/div><\/div><br \/>\n<div class='avia-image-container  av-styling-    avia-align-center '  itemprop=\"ImageObject\" itemscope=\"itemscope\" itemtype=\"https:\/\/schema.org\/ImageObject\"  ><div class='avia-image-container-inner'><img class='avia_image ' src='https:\/\/www.kinesfera.it\/wordpress\/wp-content\/uploads\/2017\/01\/LGcopertina_tagliata-1210x423.jpg' alt='' title='LGcopertina_tagliata'   itemprop=\"thumbnailUrl\"  \/><\/div><\/div><br \/>\n<section class=\"av_textblock_section \"  itemscope=\"itemscope\" itemtype=\"https:\/\/schema.org\/CreativeWork\" ><div class='avia_textblock  '   itemprop=\"text\" ><h3>Due giorni di paesologia a Tuscania, 4 e 5 marzo 2017<\/h3>\n<p>Ideata e curata da Gloria Desideri per l&#8217;Associazione Kinesfera la manifestazione Luoghi Geniali ha esordito l&#8217;estate del 2016, con un primo appuntamento molto ben accolto da un pubblico vario di diversa provenienza geografica e culturale.<\/p>\n<p>Luoghi Geniali offre un contesto di esperienze, condivisione, riflessioni su come viviamo i luoghi: attraversamento e cura del paesaggio, senso di appartenenza, relazione tra i luoghi interiori della coscienza e i luoghi dell&#8217;abitare, elaborazioni scientifiche, espressioni artistiche.<\/p>\n<p>Per questa edizione di Luoghi Geniali Inverno, Kinesfera ha ospitato a Tuscania un evento &#8220;paesologico&#8221; con FRANCO ARMINIO e i musicisti della Piccola Banda dell&#8217;Osso.<\/p>\n<div id=\"ext_searchPromptBtn\" style=\"top: 243px; left: 412px; z-index: auto;\"><\/div>\n<\/div><\/section><\/p><\/div><div class=\"flex_column av_one_full  flex_column_div av-zero-column-padding first  \" style='border-radius:0px; '><section class=\"av_textblock_section \"  itemscope=\"itemscope\" itemtype=\"https:\/\/schema.org\/CreativeWork\" ><div class='avia_textblock  '   itemprop=\"text\" ><h3><\/h3>\n<h3><\/h3>\n<div><\/div>\n<div><b>Programma<\/b><\/div>\n<div><\/div>\n<blockquote>\n<div><strong>sabato 4 marzo \u00a0<\/strong><\/div>\n<div><strong>16:30\u00a0\u00a0 <\/strong>Cedi la strada agli alberi <em>&#8211;<\/em><em>\u00a0<\/em>incontro con <strong>Franco Arminio<\/strong>.<\/div>\n<div style=\"text-align: right;\">\n<p style=\"text-align: left;\"><a href=\"https:\/\/www.kinesfera.it\/wordpress\/wp-content\/uploads\/2017\/02\/Cedi-la-strada-agli-alberi_piattofascetta-copia.jpeg\"><img loading=\"lazy\" class=\"alignleft wp-image-1545\" src=\"https:\/\/www.kinesfera.it\/wordpress\/wp-content\/uploads\/2017\/02\/Cedi-la-strada-agli-alberi_piattofascetta-copia-190x300.jpeg\" width=\"213\" height=\"335\" srcset=\"https:\/\/www.kinesfera.it\/wordpress\/wp-content\/uploads\/2017\/02\/Cedi-la-strada-agli-alberi_piattofascetta-copia-190x300.jpeg 190w, https:\/\/www.kinesfera.it\/wordpress\/wp-content\/uploads\/2017\/02\/Cedi-la-strada-agli-alberi_piattofascetta-copia-768x1210.jpeg 768w, https:\/\/www.kinesfera.it\/wordpress\/wp-content\/uploads\/2017\/02\/Cedi-la-strada-agli-alberi_piattofascetta-copia-654x1030.jpeg 654w, https:\/\/www.kinesfera.it\/wordpress\/wp-content\/uploads\/2017\/02\/Cedi-la-strada-agli-alberi_piattofascetta-copia-952x1500.jpeg 952w, https:\/\/www.kinesfera.it\/wordpress\/wp-content\/uploads\/2017\/02\/Cedi-la-strada-agli-alberi_piattofascetta-copia-447x705.jpeg 447w, https:\/\/www.kinesfera.it\/wordpress\/wp-content\/uploads\/2017\/02\/Cedi-la-strada-agli-alberi_piattofascetta-copia-450x709.jpeg 450w, https:\/\/www.kinesfera.it\/wordpress\/wp-content\/uploads\/2017\/02\/Cedi-la-strada-agli-alberi_piattofascetta-copia.jpeg 1513w\" sizes=\"(max-width: 213px) 100vw, 213px\" \/><\/a><em>&#8220;Abbiamo bisogno di contadini,<br \/>\ndi poeti, gente che sa fare il pane,<br \/>\nche ama gli alberi e riconosce il vento.<br \/>\nPi\u00f9 che l\u2019anno della crescita,<br \/>\nci vorrebbe l\u2019anno dell\u2019attenzione.<br \/>\nAttenzione a chi cade, al sole che nasce<br \/>\ne che muore, ai ragazzi che crescono,<br \/>\nattenzione anche a un semplice lampione,<br \/>\na un muro scrostato.<br \/>\nOggi essere rivoluzionari significa togliere<br \/>\npi\u00f9 che aggiungere, rallentare<br \/>\npi\u00f9 che accelerare, significa dare valore<br \/>\nal silenzio, al buio, alla luce,<br \/>\nalla fragilit\u00e0, alla dolcezza.&#8221; &#8211;\u00a0<\/em><br \/>\ndal libro <em>Cedi la strada agli alberi\u00a0<\/em>di <a href=\"https:\/\/comunitaprovvisorie.wordpress.com\/\">Franco Arminio<\/a><\/div>\n<\/blockquote>\n<div style=\"text-align: left;\"><\/div>\n<\/div><\/section><br \/>\n<section class=\"av_textblock_section \"  itemscope=\"itemscope\" itemtype=\"https:\/\/schema.org\/CreativeWork\" ><div class='avia_textblock  '   itemprop=\"text\" ><blockquote>\n<div><strong>19:30<\/strong> \u00a0\u00a0 Cerimonia dei sensi, momento conviviale con specialit\u00e0 preparate secondo tradizione e presentate dalle signore di Tuscania.<br \/>\n<strong>21:00<\/strong> \u00a0\u00a0 Piccola Banda dell&#8217;Osso in concerto<\/p>\n<div><strong>domenica 5 marzo<\/strong><\/div>\n<div><strong>10:30<\/strong>\u00a0\u00a0 Parlamenti Comunitari &#8211; moderano Gloria Desideri e Franco Arminio. Immaginare, pensare, vivere Tuscania attraverso lo sguardo di chi ci abita e quello di chi \u00e8 forestiero. Intervengono rappresentanti del tessuto sociale e culturale di Tuscania e visitatori attenti all&#8217;incontro con il luogo e la comunit\u00e0 locale.<\/div>\n<\/div>\n<\/blockquote>\n<\/div><\/section><\/p><\/div><\/p>\n<div class=\"flex_column av_one_half  flex_column_div av-zero-column-padding first  \" style='border-radius:0px; '><p><div class='avia-image-container  av-styling-    avia-align-center '  itemprop=\"ImageObject\" itemscope=\"itemscope\" itemtype=\"https:\/\/schema.org\/ImageObject\"  ><div class='avia-image-container-inner'><img class='avia_image ' src='https:\/\/www.kinesfera.it\/wordpress\/wp-content\/uploads\/2017\/01\/Arminio-300x225.jpg' alt='' title='Arminio'   itemprop=\"thumbnailUrl\"  \/><\/div><\/div><br \/>\n<section class=\"av_textblock_section \"  itemscope=\"itemscope\" itemtype=\"https:\/\/schema.org\/CreativeWork\" ><div class='avia_textblock  '   itemprop=\"text\" ><div><b>Franco Arminio,\u00a0<\/b>poeta, scrittore e documentarista,\u00a0\u00e8 nato e vive a Bisaccia, centro dell&#8217;Irpinia orientale in provincia di Avellino. Collabora con diverse testate locali e nazionali \u00a0ed \u00e8 animatore del blog &#8220;Comunit\u00e0 Provvisoria&#8221;. Definendosi &#8220;paesologo&#8221;, Arminio visita i piccoli paesi d&#8217;Italia, li racconta, li fotografa, i paesi dell&#8217;Italia interna, specialmente del suo Sud, ma non solo. Con la paesologia Arminio ha dato voce a un movimento trasversale dove poesia, impegno civile, cura dei luoghi si intrecciano e coinvolgono comunit\u00e0 delle pi\u00f9 diverse.<\/div>\n<div>&#8220;Cedi la strada agli alberi&#8221; \u00e8 il suo ultimo libro.<\/div>\n<\/div><\/section><br \/>\n<div style='height:50px' class='hr hr-invisible  '><span class='hr-inner ' ><span class='hr-inner-style'><\/span><\/span><\/div><br \/>\n<div style='background-color:#af3636; color:#ffffff; ' class='avia_message_box  avia-color-custom avia-size-normal avia-icon_select-yes avia-border- '><div class='avia_message_box_content' ><span class='avia_message_box_icon' aria-hidden='true' data-av_icon='\ue805' data-av_iconfont='entypo-fontello'><\/span><p>L&#8217;evento avr\u00e0 luogo al Supercinema di Tuscania.<\/p>\n<p>Per maggiori informazioni scrivere a info@kinesfera.it o chiamare Ester al numero<br \/>\n347 9400771<\/p>\n<\/div><\/div><\/p><\/div>\n<div class=\"flex_column av_one_half  flex_column_div av-zero-column-padding   \" style='border-radius:0px; '><p><div class='avia-image-container  av-styling-    avia-align-center '  itemprop=\"ImageObject\" itemscope=\"itemscope\" itemtype=\"https:\/\/schema.org\/ImageObject\"  ><div class='avia-image-container-inner'><img class='avia_image ' src='https:\/\/www.kinesfera.it\/wordpress\/wp-content\/uploads\/2017\/01\/piccolabandaosso-300x207.jpg' alt='' title='piccolabandaosso'   itemprop=\"thumbnailUrl\"  \/><\/div><\/div><br \/>\n<section class=\"av_textblock_section \"  itemscope=\"itemscope\" itemtype=\"https:\/\/schema.org\/CreativeWork\" ><div class='avia_textblock  '   itemprop=\"text\" ><p><strong>Piccola banda dell&#8217;osso<\/strong>: \u00e8 un collettivo di musicisti dell&#8217;appennino, un collettivo ufficioso che prende forma ogni volta in una maniera diversa. Stavolta si presenta in una veste compatta ma allo stesso tempo eterogenea:<\/p>\n<p>Il duo dei fratelli Arminio propone una ricerca personale di tipo cantautoriale, che trascende i generi e si nutre di elementi molto diversi fra di loro, dal folk al rock, dal popolare al teatro canzone. I loro brani sono tutti inediti e talvolta rifacimenti di pezzi di cantastorie meridionali poco conosciuti.<\/p>\n<p><span style=\"color: #000000;\">Daniela Ippolito<\/span> \u00e8 un&#8217; arpista e cantante lucana. Con una grande potenza vocale e un particolare approccio allo strumento, Daniela porta avanti una ricerca sulle tradizioni pi\u00f9 antiche della musica lucana e dell&#8217;arpa viggianese, e nello stesso tempo arrangia per arpa e voce grandi classici del rock o del metal, riuscendo a tenere tutto assieme grazie al suo originalissimo stile.<\/p>\n<div dir=\"ltr\">\n<div style=\"text-align: left;\"><span style=\"color: #000000;\">Eduarda Iscaro<\/span> \u00e8 una cantante e fisarmonicista sannita. La sua limpida e potente voce \u00e8 un tutt&#8217;uno con lo strumento. La musica popolare di Eduarda \u00e8 suonata in una maniera onesta e diretta, piena di letizia e di gioia, si avverte nel suo modo di suonare qualche sfumatura provenzale che fa vibrare ancora meglio la fisicit\u00e0 della sua fisarmonica. Ci propone brani della sua terra e di tante terre del sud, come la Sicilia di \u00a0Rosa Balestrieri, il Gargano dei cantori di Carpino oppure grandi classici napoletani.<\/div>\n<\/div>\n<\/div><\/section><\/p><\/div>\n<div class=\"flex_column av_one_full  flex_column_div av-zero-column-padding first  \" style='border-radius:0px; '><p><div style='padding-bottom:10px;' class='av-special-heading av-special-heading-h3  blockquote modern-quote modern-centered   '><h3 class='av-special-heading-tag '  itemprop=\"headline\"  >L\u2019associazione Kinesfera ringrazia:<\/h3><div class='special-heading-border'><div class='special-heading-inner-border' ><\/div><\/div><\/div><br \/>\n<div  data-autoplay='false'  data-interval='5'  data-animation='slide'  class='avia-logo-element-container  avia-logo-slider avia-content-slider avia-smallarrow-slider avia-content-slider-active noHover avia-content-slider1 avia-content-slider-odd  ' ><div class='avia-smallarrow-slider-heading  no-logo-slider-heading '><div class='new-special-heading'>&nbsp;<\/div><\/div><div class='avia-content-slider-inner'><div class='slide-entry-wrap'  itemprop=\"ImageObject\" itemscope=\"itemscope\" itemtype=\"https:\/\/schema.org\/ImageObject\" ><div  class='slide-entry flex_column no_margin post-entry slide-entry-overview slide-loop-1 slide-parity-odd  av_one_third first real-thumbnail'><img  itemprop=\"thumbnailUrl\"  width=\"167\" height=\"48\" src=\"https:\/\/www.kinesfera.it\/wordpress\/wp-content\/uploads\/2016\/06\/BCC-sponsor-e1483366742514.png\" class=\"attachment-no scaling size-no scaling\" alt=\"\" loading=\"lazy\" \/><\/div><div  class='slide-entry flex_column no_margin post-entry slide-entry-overview slide-loop-2 slide-parity-even  av_one_third  real-thumbnail'><img  itemprop=\"thumbnailUrl\"  width=\"236\" height=\"239\" src=\"https:\/\/www.kinesfera.it\/wordpress\/wp-content\/uploads\/2016\/06\/logo_ca_interna-1.png\" class=\"attachment-no scaling size-no scaling\" alt=\"\" loading=\"lazy\" srcset=\"https:\/\/www.kinesfera.it\/wordpress\/wp-content\/uploads\/2016\/06\/logo_ca_interna-1.png 236w, https:\/\/www.kinesfera.it\/wordpress\/wp-content\/uploads\/2016\/06\/logo_ca_interna-1-80x80.png 80w, https:\/\/www.kinesfera.it\/wordpress\/wp-content\/uploads\/2016\/06\/logo_ca_interna-1-36x36.png 36w\" sizes=\"(max-width: 236px) 100vw, 236px\" \/><\/div><div  class='slide-entry flex_column no_margin post-entry slide-entry-overview slide-loop-3 slide-parity-odd  post-entry-last  av_one_third  real-thumbnail'><img  itemprop=\"thumbnailUrl\"  width=\"240\" height=\"75\" src=\"https:\/\/www.kinesfera.it\/wordpress\/wp-content\/uploads\/2016\/06\/Logo_240x75.png\" class=\"attachment-no scaling size-no scaling\" alt=\"\" loading=\"lazy\" \/><\/div><\/div><\/div><\/div><br \/>\n<div class='av-social-sharing-box  '><div class='av-share-box'><h5 class='av-share-link-description'>Condividi questo articolo<\/h5><ul class='av-share-box-list noLightbox'><li class='av-share-link av-social-link-facebook' ><a target='_blank' href='http:\/\/www.facebook.com\/sharer.php?u=https:\/\/www.kinesfera.it\/wordpress\/inverno-2017\/&amp;t=Luoghi%20Geniali%20%E2%80%93%20inverno%202017' aria-hidden='true' data-av_icon='\ue8f3' data-av_iconfont='entypo-fontello' title='' data-avia-related-tooltip='Condividi su Facebook'><span class='avia_hidden_link_text'>Condividi su Facebook<\/span><\/a><\/li><li class='av-share-link av-social-link-twitter' ><a target='_blank' href='https:\/\/twitter.com\/share?text=Luoghi%20Geniali%20%E2%80%93%20inverno%202017&url=https:\/\/www.kinesfera.it\/wordpress\/?p=1436' aria-hidden='true' data-av_icon='\ue8f1' data-av_iconfont='entypo-fontello' title='' data-avia-related-tooltip='Condividi su Twitter'><span class='avia_hidden_link_text'>Condividi su Twitter<\/span><\/a><\/li><li class='av-share-link av-social-link-gplus' ><a target='_blank' href='https:\/\/plus.google.com\/share?url=https:\/\/www.kinesfera.it\/wordpress\/inverno-2017\/' aria-hidden='true' data-av_icon='\ue8f6' data-av_iconfont='entypo-fontello' title='' data-avia-related-tooltip='Condividi su Google+'><span class='avia_hidden_link_text'>Condividi su Google+<\/span><\/a><\/li><li class='av-share-link av-social-link-pinterest' ><a target='_blank' href='http:\/\/pinterest.com\/pin\/create\/button\/?url=https%3A%2F%2Fwww.kinesfera.it%2Fwordpress%2Finverno-2017%2F&amp;description=Luoghi%20Geniali%20%E2%80%93%20inverno%202017&amp;media=' aria-hidden='true' data-av_icon='\ue8f8' data-av_iconfont='entypo-fontello' title='' data-avia-related-tooltip='Condividi su Pinterest'><span class='avia_hidden_link_text'>Condividi su Pinterest<\/span><\/a><\/li><li class='av-share-link av-social-link-linkedin' ><a target='_blank' href='http:\/\/linkedin.com\/shareArticle?mini=true&amp;title=Luoghi%20Geniali%20%E2%80%93%20inverno%202017&amp;url=https:\/\/www.kinesfera.it\/wordpress\/inverno-2017\/' aria-hidden='true' data-av_icon='\ue8fc' data-av_iconfont='entypo-fontello' title='' data-avia-related-tooltip='Condividi su Linkedin'><span class='avia_hidden_link_text'>Condividi su Linkedin<\/span><\/a><\/li><li class='av-share-link av-social-link-tumblr' ><a target='_blank' href='http:\/\/www.tumblr.com\/share\/link?url=https%3A%2F%2Fwww.kinesfera.it%2Fwordpress%2Finverno-2017%2F&amp;name=Luoghi%20Geniali%20%E2%80%93%20inverno%202017&amp;description=' aria-hidden='true' data-av_icon='\ue8fa' data-av_iconfont='entypo-fontello' title='' data-avia-related-tooltip='Condividi su Tumblr'><span class='avia_hidden_link_text'>Condividi su Tumblr<\/span><\/a><\/li><li class='av-share-link av-social-link-vk' ><a target='_blank' href='http:\/\/vk.com\/share.php?url=https:\/\/www.kinesfera.it\/wordpress\/inverno-2017\/' aria-hidden='true' data-av_icon='\ue926' data-av_iconfont='entypo-fontello' title='' data-avia-related-tooltip='Condividi su Vk'><span class='avia_hidden_link_text'>Condividi su Vk<\/span><\/a><\/li><li class='av-share-link av-social-link-reddit' ><a target='_blank' href='http:\/\/reddit.com\/submit?url=https:\/\/www.kinesfera.it\/wordpress\/inverno-2017\/&amp;title=Luoghi%20Geniali%20%E2%80%93%20inverno%202017' aria-hidden='true' data-av_icon='\ue927' data-av_iconfont='entypo-fontello' title='' data-avia-related-tooltip='Condividi su Reddit'><span class='avia_hidden_link_text'>Condividi su Reddit<\/span><\/a><\/li><li class='av-share-link av-social-link-mail' ><a  href='mailto:?subject=Luoghi%20Geniali%20%E2%80%93%20inverno%202017&amp;body=https:\/\/www.kinesfera.it\/wordpress\/inverno-2017\/' aria-hidden='true' data-av_icon='\ue805' data-av_iconfont='entypo-fontello' title='' data-avia-related-tooltip='Condividi attraverso Mail'><span class='avia_hidden_link_text'>Condividi attraverso Mail<\/span><\/a><\/li><\/ul><\/div><\/div><\/p><\/div>\n","protected":false},"excerpt":{"rendered":"","protected":false},"author":1,"featured_media":0,"parent":0,"menu_order":0,"comment_status":"closed","ping_status":"closed","template":"","meta":{"__cvm_playback_settings":[],"__cvm_video_id":""},"_links":{"self":[{"href":"https:\/\/www.kinesfera.it\/wordpress\/wp-json\/wp\/v2\/pages\/1436"}],"collection":[{"href":"https:\/\/www.kinesfera.it\/wordpress\/wp-json\/wp\/v2\/pages"}],"about":[{"href":"https:\/\/www.kinesfera.it\/wordpress\/wp-json\/wp\/v2\/types\/page"}],"author":[{"embeddable":true,"href":"https:\/\/www.kinesfera.it\/wordpress\/wp-json\/wp\/v2\/users\/1"}],"replies":[{"embeddable":true,"href":"https:\/\/www.kinesfera.it\/wordpress\/wp-json\/wp\/v2\/comments?post=1436"}],"version-history":[{"count":51,"href":"https:\/\/www.kinesfera.it\/wordpress\/wp-json\/wp\/v2\/pages\/1436\/revisions"}],"predecessor-version":[{"id":1763,"href":"https:\/\/www.kinesfera.it\/wordpress\/wp-json\/wp\/v2\/pages\/1436\/revisions\/1763"}],"wp:attachment":[{"href":"https:\/\/www.kinesfera.it\/wordpress\/wp-json\/wp\/v2\/media?parent=1436"}],"curies":[{"name":"wp","href":"https:\/\/api.w.org\/{rel}","templated":true}]}}