{"id":1191,"date":"2016-08-06T10:04:52","date_gmt":"2016-08-06T08:04:52","guid":{"rendered":"http:\/\/www.kinesfera.it\/wordpress\/?page_id=1191"},"modified":"2022-02-23T16:06:02","modified_gmt":"2022-02-23T15:06:02","slug":"danceability-larte-di-essere-insieme-nella-danza-2","status":"publish","type":"page","link":"https:\/\/www.kinesfera.it\/wordpress\/archivio\/2015-2\/danceability-larte-di-essere-insieme-nella-danza-2\/","title":{"rendered":"DanceAbility\u00ae: l&#8217;arte di essere insieme nella danza"},"content":{"rendered":"<div class=\"flex_column av_one_full  flex_column_div av-zero-column-padding first  \" style='border-radius:0px; '><p><div class='avia-image-container  av-styling-    avia-align-center '  itemprop=\"ImageObject\" itemscope=\"itemscope\" itemtype=\"https:\/\/schema.org\/ImageObject\"  ><div class='avia-image-container-inner'><img class='avia_image ' src='https:\/\/www.kinesfera.it\/wordpress\/wp-content\/uploads\/2015\/08\/1620764_674771972583008_6971248116130007745_n-642x300.jpg' alt='' title='1620764_674771972583008_6971248116130007745_n'   itemprop=\"thumbnailUrl\"  \/><\/div><\/div><br \/>\n<section class=\"av_textblock_section \"  itemscope=\"itemscope\" itemtype=\"https:\/\/schema.org\/CreativeWork\" ><div class='avia_textblock  '   itemprop=\"text\" ><p style=\"text-align: left;\">La DanceAbility\u00ae \u00e8 una danza in cui nessuno viene isolato in base alle proprie abilit\u00e0 o disabilit\u00e0.&nbsp;Ognuno contribuisce alla danza, ogni persona ha la propria voce e si creano le possibilit\u00e0 per ciascuno di parlare.&nbsp;\u00c8 l\u2019Arte d\u2019essere insieme nella diversit\u00e0.<\/p>\n<blockquote>\n<p style=\"text-align: left;\">Il seminario \u00e8 aperto a tutte le persone, qualsiasi corpo, mente, et\u00e0, cultura e origine sociale.&nbsp;La danza si esprime attraverso un \u201cdialogo\u201d fisico in cui tutti i sensi sono coinvolti.<\/p>\n<\/blockquote>\n<p style=\"text-align: left;\">Guidati&nbsp;dall\u2019insegnante Laura Banfi, i partecipanti al seminario impareranno a riconoscere e a comunicare&nbsp;la propria danza, lavorando in modo spontaneo, sviluppando fiducia, equilibrio, percezione e&nbsp;disponibilit\u00e0; si potr\u00e0, cos\u00ec, acquisire una maggiore conoscenza di s\u00e9 e delle proprie possibilit\u00e0, una&nbsp;reciprocit\u00e0 creativa in cui la differenza non \u00e8 limite ma stimolo, ricchezza. L\u2019accento \u00e8 posto sulla&nbsp;espressione artistica, sulla comunicazione, sulla relazione e sulla ricerca della consapevolezza di se&nbsp;stessi e delle proprie possibilit\u00e0.<\/p>\n<p style=\"text-align: left;\">La DanceAbility\u00ae, sviluppata da Alito Alessi (Joint Forces Dance Company,USA), utilizza i principi&nbsp;base della Contact Improvisation, disciplina che ricerca una comunicazione spontanea attraverso il&nbsp;contatto, l\u2019ascolto, la fluidit\u00e0 e il trasferimento del peso, usando la forza di gravit\u00e0 e il pavimento.&nbsp;Cos\u00ec si possono fare nuove e diverse esperienze delle proprie abilit\u00e0 (e dis-abilit\u00e0) nel muoversi&nbsp;con un&#8217;altra persona e andare oltre i limiti a cui si \u00e8 abituati.&nbsp;L\u2019improvvisazione \u00e8 la strada attraverso cui si sviluppa il movimento: non c\u2019\u00e8 una sequenza fissata,&nbsp;una coreografia vera e propria, ma ognuno crea, da solo o con altre persone, momenti unici e&nbsp;sempre diversi attraverso una serie di soluzioni concatenate e personalizzate in modo spontaneo.&nbsp;La musica viene utilizzata come impulso ulteriore. Si propongono musiche di generi&nbsp;completamente differenti per permettere una esplorazione e relazione personali e flessibili. Ci sono fasi del lavoro in cui non si utilizza una fonte musicale esterna, per dare spazio all&#8217;ascolto&nbsp;della musica del corpo e al danzare i suoni da noi stessi emessi.<\/p>\n<p style=\"text-align: left;\">Il programma varia in base al tipo di gruppo, rispettando e sostenendo ogni persona senza&nbsp;escludere nessuno. Ogni giorno sono previste sei ore di lezione con una pausa di circa un\u2019ora Il&nbsp;seminario inizia con un riscaldamento individuale per entrare in ascolto di s\u00e9 e delle proprie&nbsp;sensazioni mentre ci si muove. Si passa poi a un lavoro di relazione con una o pi\u00f9 persone, per&nbsp;imparare a muoversi con gli altri, mantenendo anche il contatto fisico, e a sviluppare nuove capacit\u00e0 di&nbsp;percezione e d\u2019uso dello spazio, del tempo e dell\u2019improvvisazione nella danza. Nell&#8217;ultima parte si&nbsp;lavorer\u00e0 in gruppi, sperimentando e utilizzando gli elementi acquisiti per comporre la danza insieme ad altri.<\/p>\n<\/div><\/section><br \/>\n<section class=\"av_textblock_section \"  itemscope=\"itemscope\" itemtype=\"https:\/\/schema.org\/CreativeWork\" ><div class='avia_textblock  '   itemprop=\"text\" ><blockquote>\n<p>Obiettivi formativi:<\/p>\n<ul>\n<li>Sviluppare un processo di lavoro dove persone diversamente abili e provenienti da diverse&nbsp;culture si incontrino per una esplorazione artistica.<\/li>\n<li>Coltivare la diversit\u00e0 artistica e culturale attraverso lo spettacolo, la comunicazione e<\/li>\n<li>creare possibilit\u00e0\u2019 di diffusione e sviluppo di questo lavoro sul territorio.<\/li>\n<\/ul>\n<\/blockquote>\n<\/div><\/section><br \/>\n<section class=\"av_textblock_section \"  itemscope=\"itemscope\" itemtype=\"https:\/\/schema.org\/CreativeWork\" ><div class='avia_textblock  '   itemprop=\"text\" ><p>\u00c8 un tipo di danza aperto a tutte le persone&nbsp;qualunque livello di esperienza artistica e tipo di invalidit\u00e0 fisica o sensoriale abbiano e a persone&nbsp;con disabilit\u00e0 psichiche non gravi. Nell\u2019eventualit\u00e0 di pi\u00f9 persone non udenti, sarebbe preferibile la presenza di un interprete.<\/p>\n<p><strong>Laura Banfi<\/strong> lavora come performer, regista e insegnante. Tiene incontri di aggiornamento,&nbsp;formazione, corsi e stage di Contact Improvisation, DanceAbility\u00ae, Percorso Creativo e metodo&nbsp;Feldenkrais\u00ae. Si \u00e8 diplomata all\u2019ISEF Lombardia e presso la Civica Scuola di Arte Drammatica \u201cP.&nbsp;Grassi\u201d di Milano in teatro danza. Diplomata insegnante del metodo Feldenkrais\u00ae (formazione&nbsp;quadriennale), ha conseguito la certificazione di Somatic Movement Education (SME), Infant&nbsp;Developmental Movement Education (IDME) e Practitioner di Body-Mind Centering\u00ae. Ha inoltre&nbsp;frequentato corsi e seminari, in Italia e all\u2019estero, di varie tecniche di movimento, voce e teatro. E&#8217;&nbsp;insegnante certificato di DanceAbility \u00ae (Oregon,USA) e Master trainer per \u201cDanceAbility \u00ae Teacher&nbsp;Orientation Courses\u201d (Montevideo,Uruguay) con Alito Alessi (USA) col quale ha collaborato come&nbsp;assistente in seminari e corsi di formazione. Ha creato l\u2019associazione artistico-culturale Il Cortile a&nbsp;Rho ed \u00e8 co-fondatrice di ContactArt. Partecipa a diversi progetti di partenariato internazionale.&nbsp;Insegna in corsi di formazione ed universitari. Collabora con un gruppo di artisti europei sia da un&nbsp;punto di vista pedagogico che di spettacolo.<\/p>\n<p>Promosso dall\u2019Associazione Kinesfera e da Leben nuova, il seminario si svolge presso il&nbsp;Supercinema in Via Garibaldi 1, Tuscania VT, nei giorni sabato 15 e domenica 16 ottobre 2016.<\/p>\n<p>Scarica&nbsp;il <a href=\"https:\/\/www.kinesfera.it\/wordpress\/wp-content\/uploads\/2016\/09\/2016-Modulo-di-ISCRIZIONE-DANCEABILITY.pdf\">modulo di ISCRIZIONE <\/a>(in pdf compilabile online)<\/p>\n<p>Scarica il <a href=\"https:\/\/www.kinesfera.it\/wordpress\/wp-content\/uploads\/2016\/09\/2016-Seminario-DanceAbility-Tuscania.pdf\">volantino del workshop in<\/a><a href=\"https:\/\/www.kinesfera.it\/wordpress\/wp-content\/uploads\/2016\/09\/2016-Seminario-DanceAbility-Tuscania.pdf\"> pdf<\/a><\/p>\n<p>Per ulteriori informazioni scrivi a <a href=\"mailto:info@kinesfera.it\"><strong>info@kinesfera.it<\/strong><\/a> o chiama&nbsp;<strong>Laura Banfi al cell.349.843.6046<\/strong><\/p>\n<\/div><\/section><\/p><\/div><div class='av-social-sharing-box  '><div class='av-share-box'><h5 class='av-share-link-description'>Condividi questo articolo<\/h5><ul class='av-share-box-list noLightbox'><li class='av-share-link av-social-link-facebook' ><a target='_blank' href='http:\/\/www.facebook.com\/sharer.php?u=https:\/\/www.kinesfera.it\/wordpress\/archivio\/2015-2\/danceability-larte-di-essere-insieme-nella-danza-2\/&amp;t=DanceAbility%C2%AE%3A%20l%E2%80%99arte%20di%20essere%20insieme%20nella%20danza' aria-hidden='true' data-av_icon='\ue8f3' data-av_iconfont='entypo-fontello' title='' data-avia-related-tooltip='Condividi su Facebook'><span class='avia_hidden_link_text'>Condividi su Facebook<\/span><\/a><\/li><li class='av-share-link av-social-link-twitter' ><a target='_blank' href='https:\/\/twitter.com\/share?text=DanceAbility%C2%AE%3A%20l%E2%80%99arte%20di%20essere%20insieme%20nella%20danza&url=https:\/\/www.kinesfera.it\/wordpress\/?p=1191' aria-hidden='true' data-av_icon='\ue8f1' data-av_iconfont='entypo-fontello' title='' data-avia-related-tooltip='Condividi su Twitter'><span class='avia_hidden_link_text'>Condividi su Twitter<\/span><\/a><\/li><li class='av-share-link av-social-link-gplus' ><a target='_blank' href='https:\/\/plus.google.com\/share?url=https:\/\/www.kinesfera.it\/wordpress\/archivio\/2015-2\/danceability-larte-di-essere-insieme-nella-danza-2\/' aria-hidden='true' data-av_icon='\ue8f6' data-av_iconfont='entypo-fontello' title='' data-avia-related-tooltip='Condividi su Google+'><span class='avia_hidden_link_text'>Condividi su Google+<\/span><\/a><\/li><li class='av-share-link av-social-link-pinterest' ><a target='_blank' href='http:\/\/pinterest.com\/pin\/create\/button\/?url=https%3A%2F%2Fwww.kinesfera.it%2Fwordpress%2Farchivio%2F2015-2%2Fdanceability-larte-di-essere-insieme-nella-danza-2%2F&amp;description=DanceAbility%C2%AE%3A%20l%E2%80%99arte%20di%20essere%20insieme%20nella%20danza&amp;media=https%3A%2F%2Fwww.kinesfera.it%2Fwordpress%2Fwp-content%2Fuploads%2F2015%2F08%2F1620764_674771972583008_6971248116130007745_n.jpg' aria-hidden='true' data-av_icon='\ue8f8' data-av_iconfont='entypo-fontello' title='' data-avia-related-tooltip='Condividi su Pinterest'><span class='avia_hidden_link_text'>Condividi su Pinterest<\/span><\/a><\/li><li class='av-share-link av-social-link-linkedin' ><a target='_blank' href='http:\/\/linkedin.com\/shareArticle?mini=true&amp;title=DanceAbility%C2%AE%3A%20l%E2%80%99arte%20di%20essere%20insieme%20nella%20danza&amp;url=https:\/\/www.kinesfera.it\/wordpress\/archivio\/2015-2\/danceability-larte-di-essere-insieme-nella-danza-2\/' aria-hidden='true' data-av_icon='\ue8fc' data-av_iconfont='entypo-fontello' title='' data-avia-related-tooltip='Condividi su Linkedin'><span class='avia_hidden_link_text'>Condividi su Linkedin<\/span><\/a><\/li><li class='av-share-link av-social-link-tumblr' ><a target='_blank' href='http:\/\/www.tumblr.com\/share\/link?url=https%3A%2F%2Fwww.kinesfera.it%2Fwordpress%2Farchivio%2F2015-2%2Fdanceability-larte-di-essere-insieme-nella-danza-2%2F&amp;name=DanceAbility%C2%AE%3A%20l%E2%80%99arte%20di%20essere%20insieme%20nella%20danza&amp;description=' aria-hidden='true' data-av_icon='\ue8fa' data-av_iconfont='entypo-fontello' title='' data-avia-related-tooltip='Condividi su Tumblr'><span class='avia_hidden_link_text'>Condividi su Tumblr<\/span><\/a><\/li><li class='av-share-link av-social-link-vk' ><a target='_blank' href='http:\/\/vk.com\/share.php?url=https:\/\/www.kinesfera.it\/wordpress\/archivio\/2015-2\/danceability-larte-di-essere-insieme-nella-danza-2\/' aria-hidden='true' data-av_icon='\ue926' data-av_iconfont='entypo-fontello' title='' data-avia-related-tooltip='Condividi su Vk'><span class='avia_hidden_link_text'>Condividi su Vk<\/span><\/a><\/li><li class='av-share-link av-social-link-reddit' ><a target='_blank' href='http:\/\/reddit.com\/submit?url=https:\/\/www.kinesfera.it\/wordpress\/archivio\/2015-2\/danceability-larte-di-essere-insieme-nella-danza-2\/&amp;title=DanceAbility%C2%AE%3A%20l%E2%80%99arte%20di%20essere%20insieme%20nella%20danza' aria-hidden='true' data-av_icon='\ue927' data-av_iconfont='entypo-fontello' title='' data-avia-related-tooltip='Condividi su Reddit'><span class='avia_hidden_link_text'>Condividi su Reddit<\/span><\/a><\/li><li class='av-share-link av-social-link-mail' ><a  href='mailto:?subject=DanceAbility%C2%AE%3A%20l%E2%80%99arte%20di%20essere%20insieme%20nella%20danza&amp;body=https:\/\/www.kinesfera.it\/wordpress\/archivio\/2015-2\/danceability-larte-di-essere-insieme-nella-danza-2\/' aria-hidden='true' data-av_icon='\ue805' data-av_iconfont='entypo-fontello' title='' data-avia-related-tooltip='Condividi attraverso Mail'><span class='avia_hidden_link_text'>Condividi attraverso Mail<\/span><\/a><\/li><\/ul><\/div><\/div><\/p>\n","protected":false},"excerpt":{"rendered":"","protected":false},"author":1,"featured_media":117,"parent":3119,"menu_order":0,"comment_status":"closed","ping_status":"closed","template":"","meta":{"__cvm_playback_settings":[],"__cvm_video_id":""},"_links":{"self":[{"href":"https:\/\/www.kinesfera.it\/wordpress\/wp-json\/wp\/v2\/pages\/1191"}],"collection":[{"href":"https:\/\/www.kinesfera.it\/wordpress\/wp-json\/wp\/v2\/pages"}],"about":[{"href":"https:\/\/www.kinesfera.it\/wordpress\/wp-json\/wp\/v2\/types\/page"}],"author":[{"embeddable":true,"href":"https:\/\/www.kinesfera.it\/wordpress\/wp-json\/wp\/v2\/users\/1"}],"replies":[{"embeddable":true,"href":"https:\/\/www.kinesfera.it\/wordpress\/wp-json\/wp\/v2\/comments?post=1191"}],"version-history":[{"count":19,"href":"https:\/\/www.kinesfera.it\/wordpress\/wp-json\/wp\/v2\/pages\/1191\/revisions"}],"predecessor-version":[{"id":3230,"href":"https:\/\/www.kinesfera.it\/wordpress\/wp-json\/wp\/v2\/pages\/1191\/revisions\/3230"}],"up":[{"embeddable":true,"href":"https:\/\/www.kinesfera.it\/wordpress\/wp-json\/wp\/v2\/pages\/3119"}],"wp:featuredmedia":[{"embeddable":true,"href":"https:\/\/www.kinesfera.it\/wordpress\/wp-json\/wp\/v2\/media\/117"}],"wp:attachment":[{"href":"https:\/\/www.kinesfera.it\/wordpress\/wp-json\/wp\/v2\/media?parent=1191"}],"curies":[{"name":"wp","href":"https:\/\/api.w.org\/{rel}","templated":true}]}}