{"id":112,"date":"2015-08-01T00:43:32","date_gmt":"2015-07-31T22:43:32","guid":{"rendered":"http:\/\/www.kinesfera.it\/wordpress\/?page_id=112"},"modified":"2018-03-01T22:19:04","modified_gmt":"2018-03-01T21:19:04","slug":"danceability-insieme-nella-diversita","status":"publish","type":"page","link":"https:\/\/www.kinesfera.it\/wordpress\/danceability-insieme-nella-diversita\/","title":{"rendered":"DanceAbility: L&#8217;arte di essere insieme nella diversit\u00e0"},"content":{"rendered":"<p><a href=\"https:\/\/www.kinesfera.it\/wordpress\/wp-content\/uploads\/2015\/08\/1620764_674771972583008_6971248116130007745_n.jpg\"><img loading=\"lazy\" class=\" wp-image-117 alignright\" src=\"https:\/\/www.kinesfera.it\/wordpress\/wp-content\/uploads\/2015\/08\/1620764_674771972583008_6971248116130007745_n-300x177.jpg\" alt=\"DanceAbility 1\" width=\"366\" height=\"216\" srcset=\"https:\/\/www.kinesfera.it\/wordpress\/wp-content\/uploads\/2015\/08\/1620764_674771972583008_6971248116130007745_n-300x177.jpg 300w, https:\/\/www.kinesfera.it\/wordpress\/wp-content\/uploads\/2015\/08\/1620764_674771972583008_6971248116130007745_n.jpg 960w\" sizes=\"(max-width: 366px) 100vw, 366px\" \/><\/a><\/p>\n<p><em><strong>Percorso di orientamento artistico e di integrazione nel campo della danza e del teatro per persone con differenti abilit\u00e0 e diversi gradi di esperienza.<\/strong><\/em><\/p>\n<p>Supercinema di Tuscania, 26 &#8211; 27 settembre 2015<\/p>\n<p>La DanceAbility\u00ae \u00e8 una tecnica di danza che utilizza il movimento in improvvisazione ed \u00e8 aperta a tutte le persone, qualsiasi corpo, mente, et\u00e0, cultura e origine sociale abbiano. Ognuno contribuisce alla danza, ogni persona ha la propria voce e la DanceAbility\u00ae crea le possibilit\u00e0 per ciascuno di parlare.<\/p>\n<p>\u00c8 l&#8217;Arte d&#8217;essere insieme nella diversit\u00e0.<\/p>\n<p>La danza si esprime attraverso un \u201cdialogo\u201d fisico in cui tutti i sensi sono coinvolti. Guidati dall\u2019insegnante Laura Banfi, i partecipanti al seminario impareranno a riconoscere e a comunicare la propria \u201cDanceAbility\u201d, lavorando in modo spontaneo, sviluppando fiducia, equilibrio, percezione e disponibilit\u00e0; si potr\u00e0, cos\u00ec, acquisire una maggiore conoscenza di s\u00e9 e delle proprie possibilit\u00e0, una reciprocit\u00e0 creativa in cui la differenza non \u00e8 limite ma stimolo, ricchezza. L&#8217;accento \u00e8 posto sulla espressione artistica, sulla comunicazione, sulla relazione e sulla ricerca della consapevolezza.<\/p>\n<p>La DanceAbility\u00ae, sviluppata da Alito Alessi (Joint Forces Dance Company,USA), utilizza i principi base della Contact Improvisation, disciplina che ricerca una comunicazione spontanea attraverso il contatto, l\u2019ascolto, la fluidit\u00e0 e il trasferimento del peso, usando la forza di gravit\u00e0 e il pavimento come due partner.<\/p>\n<h4><strong>Programma<\/strong><\/h4>\n<p>Il programma varia in base al tipo di gruppo, rispettando e sostenendo ogni persona senza escludere nessuno. Ogni giorno sono previste sei ore di lezione con una pausa di circa un\u2019ora<\/p>\n<p>Il seminario inizia con un riscaldamento individuale per entrare in ascolto di s\u00e9 e delle proprie sensazioni mentre ci si muove. Si passa poi a un lavoro di relazione con una o pi\u00f9 persone, per imparare a muoversi, mantenendo anche il contatto fisico, e a sviluppare nuove capacit\u00e0 di percezione e d&#8217;uso dello spazio, del tempo e dell&#8217;improvvisazione nella danza. Nell&#8217;ultima parte si lavorer\u00e0 in gruppi, sperimentando e utilizzando gli elementi acquisiti per comporre la danza insieme ad altri.<\/p>\n<h4><strong>Obiettivi formativi<\/strong><\/h4>\n<p>&#8211; Sviluppare un processo di lavoro dove persone diversamente abili e provenienti da diverse culture si incontrino per una esplorazione artistica.<br \/>\n&#8211; Coltivare la diversit\u00e0 artistica e culturale attraverso lo spettacolo, la comunicazione e l\u2019educazione.<br \/>\n&#8211; Creare possibilit\u00e0\u2019 di diffusione e sviluppo di questo lavoro sul territorio.<\/p>\n<p>Possono partecipare persone abili e disabili: danzatori, attori, insegnanti, insegnanti di sostegno, operatori del settore e chiunque sia interessato. \u00c8 un tipo di danza aperto a tutte le persone qualunque livello di esperienza artistica e tipo di invalidit\u00e0 fisica o sensoriale abbiano e a persone con disabilit\u00e0 psichiche non gravi. Nell\u2019eventualit\u00e0 di pi\u00f9 persone non udenti, sarebbe preferibile la presenza di un interprete.<\/p>\n<h4><strong>Insegnante<\/strong><\/h4>\n<p>Laura Banfi lavora come performer, regista e insegnante. Tiene incontri di aggiornamento, formazione, corsi e stage di Contact Improvisation, DanceAbility\u00ae, Percorso Creativo e metodo Feldenkrais\u00ae.<br \/>\nSi \u00e8 diplomata all&#8217;ISEF Lombardia e presso la Civica Scuola di Arte Drammatica &#8220;P. Grassi&#8221; di Milano in teatro danza. Diplomata insegnante del metodo Feldenkrais\u00ae (formazione quadriennale), ha conseguito la certificazione di Somatic Movement Education (SME) e di Infant Developmental Movement Education (IDME), e sta ora ultimando la formazione di Body-Mind Centering\u00ae Practitioner.<br \/>\nHa inoltre frequentato corsi e seminari, in Italia e all&#8217;estero, di varie tecniche di movimento. Ha frequentato il programma per l&#8217;insegnamento della DanceAbility con Alito Alessi in Oregon (USA), con cui ha collaborato come assistente in corsi di formazione per insegnanti di DanceAbility.<br \/>\nHa creato l&#8217;associazione artistico-culturale Il Cortile a Rho ed \u00e8 cofondatrice di ContactArt. Partecipa a diversi progetti di partneriato internazionale. Insegna in corsi di formazione ed universitari. Collabora con un gruppo di artisti europei sia da un punto di vista pedagogico che di spettacolo.<\/p>\n<h4><strong>Organizzazione<\/strong><\/h4>\n<p>Promosso dall&#8217;Associazione Kinesfera e da Leben nuova, il seminario si svolge presso il Supercinema\u00a0in Via Garibaldi 1, Tuscania VT, nei giorni sabato 26 settembre, dalle 15 alle 21, e domenica 27 settembre, dalle 10.30 alle 16.30.<\/p>\n<p>Per modalit\u00e0 di partecipazione e costi, scarica qui il <a href=\"http:\/\/www.lebensnetz.it\/wp-content\/uploads\/2015\/08\/Modulo-di-ISCRIZIONE-DANCEABILITY.pdf\">modulo di iscrizione<\/a>\u00a0(Il modulo \u00e8 in formato pdf compilabile online. Se non riesci a visualizzarlo,\u00a0scarica gratuitamente l\u2019ultima versione di<a href=\"https:\/\/get.adobe.com\/it\/reader\/\">\u00a0Acrobat reader<\/a>)<\/p>\n<p><strong>Per informazioni <\/strong>specifiche sul corso contattare<strong> Laura Banfi:\u00a0cell.349.843.6046<\/strong><br \/>\n<strong>Per iscrizioni<\/strong>\u00a0e altre informazioni logistiche scrivere a\u00a0<strong>info@kinesfera.it<\/strong><\/p>\n","protected":false},"excerpt":{"rendered":"<p>Percorso di orientamento artistico e di integrazione nel campo della danza e del teatro per persone con differenti abilit\u00e0 e diversi gradi di esperienza. Supercinema di Tuscania, 26 &#8211; 27 settembre 2015 La DanceAbility\u00ae \u00e8 una tecnica di danza che utilizza il movimento in improvvisazione ed \u00e8 aperta a tutte le persone, qualsiasi corpo, mente, [&hellip;]<\/p>\n","protected":false},"author":1,"featured_media":0,"parent":0,"menu_order":0,"comment_status":"closed","ping_status":"closed","template":"","meta":{"__cvm_playback_settings":[],"__cvm_video_id":""},"_links":{"self":[{"href":"https:\/\/www.kinesfera.it\/wordpress\/wp-json\/wp\/v2\/pages\/112"}],"collection":[{"href":"https:\/\/www.kinesfera.it\/wordpress\/wp-json\/wp\/v2\/pages"}],"about":[{"href":"https:\/\/www.kinesfera.it\/wordpress\/wp-json\/wp\/v2\/types\/page"}],"author":[{"embeddable":true,"href":"https:\/\/www.kinesfera.it\/wordpress\/wp-json\/wp\/v2\/users\/1"}],"replies":[{"embeddable":true,"href":"https:\/\/www.kinesfera.it\/wordpress\/wp-json\/wp\/v2\/comments?post=112"}],"version-history":[{"count":14,"href":"https:\/\/www.kinesfera.it\/wordpress\/wp-json\/wp\/v2\/pages\/112\/revisions"}],"predecessor-version":[{"id":1185,"href":"https:\/\/www.kinesfera.it\/wordpress\/wp-json\/wp\/v2\/pages\/112\/revisions\/1185"}],"wp:attachment":[{"href":"https:\/\/www.kinesfera.it\/wordpress\/wp-json\/wp\/v2\/media?parent=112"}],"curies":[{"name":"wp","href":"https:\/\/api.w.org\/{rel}","templated":true}]}}